{"id":2,"date":"2024-06-02T15:34:39","date_gmt":"2024-06-02T13:34:39","guid":{"rendered":"http:\/\/statioromana.org\/?page_id=2"},"modified":"2026-04-30T00:29:03","modified_gmt":"2026-04-29T22:29:03","slug":"accueil","status":"publish","type":"page","link":"https:\/\/statioromana.org\/","title":{"rendered":"Accueil"},"content":{"rendered":"<div class=\"wp-block-image\">\n<figure class=\"aligncenter size-full is-resized\"><img loading=\"lazy\" decoding=\"async\" width=\"945\" height=\"170\" src=\"https:\/\/statioromana.org\/wp-content\/uploads\/2024\/06\/image.png\" alt=\"\" class=\"wp-image-44\" style=\"width:800px\" srcset=\"https:\/\/statioromana.org\/wp-content\/uploads\/2024\/06\/image.png 945w, https:\/\/statioromana.org\/wp-content\/uploads\/2024\/06\/image-300x54.png 300w, https:\/\/statioromana.org\/wp-content\/uploads\/2024\/06\/image-768x138.png 768w\" sizes=\"auto, (max-width: 945px) 100vw, 945px\" \/><\/figure>\n<\/div>\n\n\n<p class=\"has-text-align-center has-black-color has-text-color has-link-color wp-elements-1906ba9698ad19e5b2cf0b72e7f34ee8\" style=\"font-size:30px\">Waudrez (Belgique)<\/p>\n\n\n<div class=\"wp-block-image\">\n<figure class=\"aligncenter size-full is-resized\"><img loading=\"lazy\" decoding=\"async\" width=\"293\" height=\"95\" src=\"http:\/\/statioromana.org\/wp-content\/uploads\/2024\/06\/vodgoriacum2.jpg\" alt=\"\" class=\"wp-image-47\" style=\"width:250px\"\/><\/figure>\n<\/div>\n\n\n<div class=\"wp-block-group is-vertical is-content-justification-center is-layout-flex wp-container-core-group-is-layout-4b2eccd6 wp-block-group-is-layout-flex\">\n<p class=\"has-text-align-center\" style=\"font-size:24px\">D&rsquo;irr\u00e9ductibles passionn\u00e9s, un site arch\u00e9ologique,<\/p>\n\n\n\n<p class=\"has-text-align-center\" style=\"font-size:24px\">des fouilles, des laboratoires, des expositions, un mus\u00e9e,&#8230;<\/p>\n\n\n\n<p class=\"has-text-align-center\" style=\"font-size:24px\"><strong>Waudrez, berceau de la ville de Binche<\/strong><\/p>\n\n\n\n<p><\/p>\n<\/div>\n\n\n\n<hr style=\"border: none; height: 3px; background-color: black;\">\n\n\n\n<p class=\"has-text-align-center has-large-font-size\">Conf\u00e9rence ce samedi 9 mai 2026 \u00e0 15h00<\/p>\n\n\n<div class=\"wp-block-image\">\n<figure class=\"aligncenter size-large is-resized\"><a href=\"https:\/\/statioromana.org\/index.php\/news-2\/\"><img loading=\"lazy\" decoding=\"async\" width=\"1024\" height=\"576\" src=\"https:\/\/statioromana.org\/wp-content\/uploads\/2026\/04\/Conference-9-mai-2026-1024x576.jpg\" alt=\"\" class=\"wp-image-773\" style=\"object-fit:cover;width:746px;height:418px\" srcset=\"https:\/\/statioromana.org\/wp-content\/uploads\/2026\/04\/Conference-9-mai-2026-1024x576.jpg 1024w, https:\/\/statioromana.org\/wp-content\/uploads\/2026\/04\/Conference-9-mai-2026-300x169.jpg 300w, https:\/\/statioromana.org\/wp-content\/uploads\/2026\/04\/Conference-9-mai-2026-768x432.jpg 768w, https:\/\/statioromana.org\/wp-content\/uploads\/2026\/04\/Conference-9-mai-2026-1536x864.jpg 1536w, https:\/\/statioromana.org\/wp-content\/uploads\/2026\/04\/Conference-9-mai-2026.jpg 1920w\" sizes=\"auto, (max-width: 1024px) 100vw, 1024px\" \/><\/a><\/figure>\n<\/div>\n\n\n<p id=\"block-8305be50-8069-4fa3-b7c1-5257042a544f\"><\/p>\n\n\n\n<p><\/p>\n","protected":false},"excerpt":{"rendered":"<p>Waudrez (Belgique) D&rsquo;irr\u00e9ductibles passionn\u00e9s, un site arch\u00e9ologique, des fouilles, des laboratoires, des expositions, un mus\u00e9e,&#8230; Waudrez, berceau de la ville de Binche Conf\u00e9rence ce samedi&hellip;<\/p>\n","protected":false},"author":1,"featured_media":0,"parent":0,"menu_order":0,"comment_status":"closed","ping_status":"closed","template":"","meta":{"footnotes":""},"class_list":["post-2","page","type-page","status-publish","hentry"],"_links":{"self":[{"href":"https:\/\/statioromana.org\/index.php\/wp-json\/wp\/v2\/pages\/2","targetHints":{"allow":["GET"]}}],"collection":[{"href":"https:\/\/statioromana.org\/index.php\/wp-json\/wp\/v2\/pages"}],"about":[{"href":"https:\/\/statioromana.org\/index.php\/wp-json\/wp\/v2\/types\/page"}],"author":[{"embeddable":true,"href":"https:\/\/statioromana.org\/index.php\/wp-json\/wp\/v2\/users\/1"}],"replies":[{"embeddable":true,"href":"https:\/\/statioromana.org\/index.php\/wp-json\/wp\/v2\/comments?post=2"}],"version-history":[{"count":28,"href":"https:\/\/statioromana.org\/index.php\/wp-json\/wp\/v2\/pages\/2\/revisions"}],"predecessor-version":[{"id":822,"href":"https:\/\/statioromana.org\/index.php\/wp-json\/wp\/v2\/pages\/2\/revisions\/822"}],"wp:attachment":[{"href":"https:\/\/statioromana.org\/index.php\/wp-json\/wp\/v2\/media?parent=2"}],"curies":[{"name":"wp","href":"https:\/\/api.w.org\/{rel}","templated":true}]}}