{"id":217,"date":"2024-06-05T11:51:40","date_gmt":"2024-06-05T09:51:40","guid":{"rendered":"https:\/\/statioromana.org\/?page_id=217"},"modified":"2024-06-05T11:56:39","modified_gmt":"2024-06-05T09:56:39","slug":"les-fouilles","status":"publish","type":"page","link":"https:\/\/statioromana.org\/index.php\/activites\/les-fouilles\/","title":{"rendered":"Les fouilles"},"content":{"rendered":"\n<p>Actuellement, il n&rsquo;y a pas de fouilles arch\u00e9ologiques en cours.<\/p>\n\n\n\n<p>Pour tout renseignement \u00e9ventuel concernant les futures fouilles veuillez prendre contact par E-mail&nbsp;\u00e0 l&rsquo;ASBL STATIO ROMANA&nbsp; :&nbsp;<a href=\"mailto:info@statioromana.org\">info@statioromana.org<\/a><\/p>\n","protected":false},"excerpt":{"rendered":"<p>Actuellement, il n&rsquo;y a pas de fouilles arch\u00e9ologiques en cours. Pour tout renseignement \u00e9ventuel concernant les futures fouilles veuillez prendre contact par E-mail&nbsp;\u00e0 l&rsquo;ASBL STATIO&hellip;<\/p>\n","protected":false},"author":1,"featured_media":0,"parent":214,"menu_order":0,"comment_status":"closed","ping_status":"closed","template":"","meta":{"footnotes":""},"class_list":["post-217","page","type-page","status-publish","hentry"],"_links":{"self":[{"href":"https:\/\/statioromana.org\/index.php\/wp-json\/wp\/v2\/pages\/217","targetHints":{"allow":["GET"]}}],"collection":[{"href":"https:\/\/statioromana.org\/index.php\/wp-json\/wp\/v2\/pages"}],"about":[{"href":"https:\/\/statioromana.org\/index.php\/wp-json\/wp\/v2\/types\/page"}],"author":[{"embeddable":true,"href":"https:\/\/statioromana.org\/index.php\/wp-json\/wp\/v2\/users\/1"}],"replies":[{"embeddable":true,"href":"https:\/\/statioromana.org\/index.php\/wp-json\/wp\/v2\/comments?post=217"}],"version-history":[{"count":2,"href":"https:\/\/statioromana.org\/index.php\/wp-json\/wp\/v2\/pages\/217\/revisions"}],"predecessor-version":[{"id":232,"href":"https:\/\/statioromana.org\/index.php\/wp-json\/wp\/v2\/pages\/217\/revisions\/232"}],"up":[{"embeddable":true,"href":"https:\/\/statioromana.org\/index.php\/wp-json\/wp\/v2\/pages\/214"}],"wp:attachment":[{"href":"https:\/\/statioromana.org\/index.php\/wp-json\/wp\/v2\/media?parent=217"}],"curies":[{"name":"wp","href":"https:\/\/api.w.org\/{rel}","templated":true}]}}