{"id":220,"date":"2024-06-05T11:52:09","date_gmt":"2024-06-05T09:52:09","guid":{"rendered":"https:\/\/statioromana.org\/?page_id=220"},"modified":"2024-06-05T13:01:33","modified_gmt":"2024-06-05T11:01:33","slug":"les-laboratoires","status":"publish","type":"page","link":"https:\/\/statioromana.org\/index.php\/activites\/les-laboratoires\/","title":{"rendered":"Les laboratoires"},"content":{"rendered":"\n<p>Les activit\u00e9s de laboratoires sont essentiellement consacr\u00e9es \u00e0 l\u2019\u00e9tude et au traitement du mat\u00e9riel arch\u00e9ologique d\u00e9couvert sur le site gallo-romain de \u00ab&nbsp;<em>Vodgoriacum<\/em>&nbsp;\u00bb \u00e0 Waudrez.<\/p>\n\n\n\n<p>Accessibles aux Membres Effectifs de notre association, les activit\u00e9s de laboratoires sont programm\u00e9es en fonction de l\u2019avancement des travaux de publications.<\/p>\n","protected":false},"excerpt":{"rendered":"<p>Les activit\u00e9s de laboratoires sont essentiellement consacr\u00e9es \u00e0 l\u2019\u00e9tude et au traitement du mat\u00e9riel arch\u00e9ologique d\u00e9couvert sur le site gallo-romain de \u00ab&nbsp;Vodgoriacum&nbsp;\u00bb \u00e0 Waudrez. Accessibles&hellip;<\/p>\n","protected":false},"author":1,"featured_media":0,"parent":214,"menu_order":1,"comment_status":"closed","ping_status":"closed","template":"","meta":{"footnotes":""},"class_list":["post-220","page","type-page","status-publish","hentry"],"_links":{"self":[{"href":"https:\/\/statioromana.org\/index.php\/wp-json\/wp\/v2\/pages\/220","targetHints":{"allow":["GET"]}}],"collection":[{"href":"https:\/\/statioromana.org\/index.php\/wp-json\/wp\/v2\/pages"}],"about":[{"href":"https:\/\/statioromana.org\/index.php\/wp-json\/wp\/v2\/types\/page"}],"author":[{"embeddable":true,"href":"https:\/\/statioromana.org\/index.php\/wp-json\/wp\/v2\/users\/1"}],"replies":[{"embeddable":true,"href":"https:\/\/statioromana.org\/index.php\/wp-json\/wp\/v2\/comments?post=220"}],"version-history":[{"count":2,"href":"https:\/\/statioromana.org\/index.php\/wp-json\/wp\/v2\/pages\/220\/revisions"}],"predecessor-version":[{"id":233,"href":"https:\/\/statioromana.org\/index.php\/wp-json\/wp\/v2\/pages\/220\/revisions\/233"}],"up":[{"embeddable":true,"href":"https:\/\/statioromana.org\/index.php\/wp-json\/wp\/v2\/pages\/214"}],"wp:attachment":[{"href":"https:\/\/statioromana.org\/index.php\/wp-json\/wp\/v2\/media?parent=220"}],"curies":[{"name":"wp","href":"https:\/\/api.w.org\/{rel}","templated":true}]}}