{"id":226,"date":"2024-06-05T11:52:40","date_gmt":"2024-06-05T09:52:40","guid":{"rendered":"https:\/\/statioromana.org\/?page_id=226"},"modified":"2025-09-11T09:22:55","modified_gmt":"2025-09-11T07:22:55","slug":"les-fetes-romaines","status":"publish","type":"page","link":"https:\/\/statioromana.org\/index.php\/activites\/les-fetes-romaines\/","title":{"rendered":"Les f\u00eates romaines"},"content":{"rendered":"<div class=\"wp-block-image\">\n<figure class=\"aligncenter size-large\"><img loading=\"lazy\" decoding=\"async\" width=\"713\" height=\"1024\" src=\"http:\/\/statioromana.org\/wp-content\/uploads\/2025\/08\/image-713x1024.png\" alt=\"\" class=\"wp-image-670\" srcset=\"https:\/\/statioromana.org\/wp-content\/uploads\/2025\/08\/image-713x1024.png 713w, https:\/\/statioromana.org\/wp-content\/uploads\/2025\/08\/image-209x300.png 209w, https:\/\/statioromana.org\/wp-content\/uploads\/2025\/08\/image-768x1103.png 768w, https:\/\/statioromana.org\/wp-content\/uploads\/2025\/08\/image-1070x1536.png 1070w, https:\/\/statioromana.org\/wp-content\/uploads\/2025\/08\/image.png 1426w\" sizes=\"auto, (max-width: 713px) 100vw, 713px\" \/><\/figure>\n<\/div>\n\n\n<p class=\"has-text-align-center has-large-font-size\">Quelques photographies des \u00ab&nbsp;F\u00eates Romaines&nbsp;\u00bb des ann\u00e9es ant\u00e9rieures\u2026<\/p>\n\n\n\n<p>Un tr\u00e8s beau succ\u00e8s pour les F\u00caTES ROMAINES DE LA STATIO ROMANA de ce dimanche 7 septembre 2025 !<\/p>\n\n\n\n<p>Sous une m\u00e9t\u00e9o favorable, les animations de grande qualit\u00e9 donn\u00e9es par les reconstituteurs et par les artisans sp\u00e9cialis\u00e9s en arch\u00e9ologie exp\u00e9rimentale ont attir\u00e9 et ravi les tr\u00e8s nombreux visiteurs qui en ont profit\u00e9 pour visiter le Mus\u00e9e et l&rsquo;exposition temporaire !<\/p>\n\n\n\n<p>Merci \u00e0 Antenne Centre pour ce beau reportage et \u00e0 tous les visiteurs et \u00e0 l&rsquo;ann\u00e9e prochaine : <a href=\"https:\/\/www.antennecentre.tv\/actu\/waudrez-quand-le-passe-romain-reprend-vie\/26169\">https:\/\/www.antennecentre.tv\/actu\/waudrez-quand-le-passe-romain-reprend-vie\/26169<\/a><\/p>\n\n\n\n<p><strong>les danses<\/strong><\/p>\n\n\n\n<figure class=\"wp-block-image size-large\"><img loading=\"lazy\" decoding=\"async\" width=\"2048\" height=\"1365\" src=\"https:\/\/statioromana.org\/wp-content\/uploads\/2025\/09\/3-1024x683.jpg\" alt=\"\" class=\"wp-image-697\" srcset=\"https:\/\/statioromana.org\/wp-content\/uploads\/2025\/09\/3-1024x683.jpg 1024w, https:\/\/statioromana.org\/wp-content\/uploads\/2025\/09\/3-300x200.jpg 300w, https:\/\/statioromana.org\/wp-content\/uploads\/2025\/09\/3-768x512.jpg 768w, https:\/\/statioromana.org\/wp-content\/uploads\/2025\/09\/3-1536x1024.jpg 1536w, https:\/\/statioromana.org\/wp-content\/uploads\/2025\/09\/3.jpg 2048w\" sizes=\"auto, (max-width: 2048px) 100vw, 2048px\" \/><\/figure>\n\n\n\n<p><strong>Courses de chars<\/strong><\/p>\n\n\n\n<figure class=\"wp-block-image size-full is-resized\"><img loading=\"lazy\" decoding=\"async\" width=\"556\" height=\"261\" src=\"https:\/\/statioromana.org\/wp-content\/uploads\/2024\/06\/fr1.gif\" alt=\"\" class=\"wp-image-245\" style=\"width:939px;height:auto\"\/><\/figure>\n\n\n\n<p><\/p>\n\n\n\n<p><strong>Reconstitutions historiques<\/strong><\/p>\n\n\n\n<figure class=\"wp-block-image size-full is-resized\"><img loading=\"lazy\" decoding=\"async\" width=\"298\" height=\"204\" src=\"https:\/\/statioromana.org\/wp-content\/uploads\/2024\/06\/fr2.jpg\" alt=\"\" class=\"wp-image-246\" style=\"width:650px;height:auto\"\/><\/figure>\n\n\n\n<figure class=\"wp-block-image size-large\"><img loading=\"lazy\" decoding=\"async\" width=\"1024\" height=\"683\" src=\"https:\/\/statioromana.org\/wp-content\/uploads\/2025\/09\/2-1024x683.jpg\" alt=\"\" class=\"wp-image-698\" srcset=\"https:\/\/statioromana.org\/wp-content\/uploads\/2025\/09\/2-1024x683.jpg 1024w, https:\/\/statioromana.org\/wp-content\/uploads\/2025\/09\/2-300x200.jpg 300w, https:\/\/statioromana.org\/wp-content\/uploads\/2025\/09\/2-768x512.jpg 768w, https:\/\/statioromana.org\/wp-content\/uploads\/2025\/09\/2-1536x1024.jpg 1536w, https:\/\/statioromana.org\/wp-content\/uploads\/2025\/09\/2.jpg 2048w\" sizes=\"auto, (max-width: 1024px) 100vw, 1024px\" \/><\/figure>\n\n\n\n<p><strong>La Tortue<\/strong><\/p>\n\n\n\n<figure class=\"wp-block-image size-full is-resized\"><img loading=\"lazy\" decoding=\"async\" width=\"462\" height=\"295\" src=\"https:\/\/statioromana.org\/wp-content\/uploads\/2024\/06\/fr3.jpg\" alt=\"\" class=\"wp-image-247\" style=\"width:637px;height:auto\" srcset=\"https:\/\/statioromana.org\/wp-content\/uploads\/2024\/06\/fr3.jpg 462w, https:\/\/statioromana.org\/wp-content\/uploads\/2024\/06\/fr3-300x192.jpg 300w\" sizes=\"auto, (max-width: 462px) 100vw, 462px\" \/><\/figure>\n\n\n\n<p><\/p>\n\n\n\n<p><strong>Les gaulois<\/strong><\/p>\n\n\n\n<figure class=\"wp-block-image size-full is-resized\"><img loading=\"lazy\" decoding=\"async\" width=\"425\" height=\"294\" src=\"https:\/\/statioromana.org\/wp-content\/uploads\/2024\/06\/fr4.gif\" alt=\"\" class=\"wp-image-248\" style=\"width:626px;height:auto\"\/><\/figure>\n\n\n\n<p><\/p>\n\n\n\n<p><strong>Le th\u00e9\u00e2tre<\/strong><\/p>\n\n\n\n<figure class=\"wp-block-image size-full is-resized\"><img loading=\"lazy\" decoding=\"async\" width=\"447\" height=\"293\" src=\"https:\/\/statioromana.org\/wp-content\/uploads\/2024\/06\/fr5.gif\" alt=\"\" class=\"wp-image-249\" style=\"width:616px;height:auto\"\/><\/figure>\n","protected":false},"excerpt":{"rendered":"<p>Quelques photographies des \u00ab&nbsp;F\u00eates Romaines&nbsp;\u00bb des ann\u00e9es ant\u00e9rieures\u2026 Un tr\u00e8s beau succ\u00e8s pour les F\u00caTES ROMAINES DE LA STATIO ROMANA de ce dimanche 7 septembre&hellip;<\/p>\n","protected":false},"author":1,"featured_media":0,"parent":214,"menu_order":0,"comment_status":"closed","ping_status":"closed","template":"","meta":{"footnotes":""},"class_list":["post-226","page","type-page","status-publish","hentry"],"_links":{"self":[{"href":"https:\/\/statioromana.org\/index.php\/wp-json\/wp\/v2\/pages\/226","targetHints":{"allow":["GET"]}}],"collection":[{"href":"https:\/\/statioromana.org\/index.php\/wp-json\/wp\/v2\/pages"}],"about":[{"href":"https:\/\/statioromana.org\/index.php\/wp-json\/wp\/v2\/types\/page"}],"author":[{"embeddable":true,"href":"https:\/\/statioromana.org\/index.php\/wp-json\/wp\/v2\/users\/1"}],"replies":[{"embeddable":true,"href":"https:\/\/statioromana.org\/index.php\/wp-json\/wp\/v2\/comments?post=226"}],"version-history":[{"count":6,"href":"https:\/\/statioromana.org\/index.php\/wp-json\/wp\/v2\/pages\/226\/revisions"}],"predecessor-version":[{"id":699,"href":"https:\/\/statioromana.org\/index.php\/wp-json\/wp\/v2\/pages\/226\/revisions\/699"}],"up":[{"embeddable":true,"href":"https:\/\/statioromana.org\/index.php\/wp-json\/wp\/v2\/pages\/214"}],"wp:attachment":[{"href":"https:\/\/statioromana.org\/index.php\/wp-json\/wp\/v2\/media?parent=226"}],"curies":[{"name":"wp","href":"https:\/\/api.w.org\/{rel}","templated":true}]}}