{"id":266,"date":"2024-06-05T14:00:19","date_gmt":"2024-06-05T12:00:19","guid":{"rendered":"https:\/\/statioromana.org\/?page_id=266"},"modified":"2024-06-05T14:10:25","modified_gmt":"2024-06-05T12:10:25","slug":"partenaires","status":"publish","type":"page","link":"https:\/\/statioromana.org\/index.php\/partenaires\/","title":{"rendered":"Partenaires"},"content":{"rendered":"\n<p class=\"has-large-font-size\" style=\"text-decoration:underline\"><strong>Collaborations scientifiques :<\/strong><\/p>\n\n\n\n<p>&nbsp;&#8211; C\u00e9cile ANSIEAU&nbsp;<em>(Service Public de Wallonie, DG04)<\/em><\/p>\n\n\n\n<p>&nbsp;&#8211; Achille GAUTIER (<em>R.U. Gent<\/em>)<\/p>\n\n\n\n<p>&nbsp;&#8211; Fr\u00e9d\u00e9ric HANUT (<em>doctorant U.C. Louvain-la-Neuve &#8211; CRAN<\/em>)<\/p>\n\n\n\n<p>&nbsp;&#8211; Sandrine PLACE (<em>\u00e9tudiante U.L. Bruxelles<\/em>)<\/p>\n\n\n\n<p>&nbsp;&#8211; Caroline POLET (<em>Mus\u00e9e royal des Sciences naturelles de Belgique<\/em>)<\/p>\n\n\n\n<p>&nbsp;&#8211; Kathy SAS (<em>K.U. Leuven<\/em>)<\/p>\n\n\n\n<p>&#8211; Pierre-Beno\u00eet GERARD (arch\u00e9ologue et historien de l&rsquo;Art)<\/p>\n\n\n\n<p>sans oublier le soutien aux publications de la&nbsp;F\u00e9d\u00e9ration des Arch\u00e9ologues de Wallonie.<\/p>\n\n\n\n<p>Qu&rsquo;ils en soient tous, une fois encore, remerci\u00e9s ici !<\/p>\n\n\n\n<p><\/p>\n\n\n\n<p class=\"has-large-font-size\" style=\"text-decoration:underline\"><strong>Partenaires \u00e9conomiques :<\/strong><\/p>\n\n\n\n<div class=\"wp-block-columns is-layout-flex wp-container-core-columns-is-layout-9d6595d7 wp-block-columns-is-layout-flex\">\n<div class=\"wp-block-column is-layout-flow wp-block-column-is-layout-flow\">\n<p><\/p>\n\n\n\n<figure class=\"wp-block-table has-large-font-size\"><table><tbody><tr><td><a><strong>Ferme de&nbsp;<\/strong><\/a><strong>la Princesse<\/strong> (<em>Elevage de canards et foie gras<\/em>)<\/td><\/tr><tr><td>Fran\u00e7oise MEURANT <br>Rue de la Princesse, 102<br>7131 &#8211; Waudrez<br>+32 (0) 64 33 18 63<br><a href=\"http:\/\/www.fermedelaprincesse.be\" data-type=\"link\" data-id=\"www.fermedelaprincesse.be\">www.fermedelaprincesse.be <\/a>\u00a0<\/td><\/tr><\/tbody><\/table><\/figure>\n<\/div>\n\n\n\n<div class=\"wp-block-column is-layout-flow wp-block-column-is-layout-flow\">\n<figure class=\"wp-block-image size-full is-resized\"><img loading=\"lazy\" decoding=\"async\" width=\"217\" height=\"214\" src=\"https:\/\/statioromana.org\/wp-content\/uploads\/2024\/06\/ferme-princesse.jpg\" alt=\"\" class=\"wp-image-270\" style=\"width:490px;height:auto\"\/><\/figure>\n<\/div>\n<\/div>\n\n\n\n<p class=\"has-large-font-size\" style=\"text-decoration:underline\"><strong>Avec le soutien de&nbsp;:<\/strong><\/p>\n\n\n\n<p>&#8211; la F\u00e9d\u00e9ration Wallonie-Bruxelles,<\/p>\n\n\n\n<p>&#8211; le Service Public de Wallonie&nbsp;: Direction G\u00e9n\u00e9rale de l\u2019Economie et de l\u2019Emploi (Personnel du Programme APE) \u2013 DGO4, D\u00e9partement du Patrimoine, Direction de l\u2019Arch\u00e9ologie \u2013 Commissariat G\u00e9n\u00e9ral au Tourisme&nbsp;;<\/p>\n\n\n\n<p>&#8211; la Ville de Binche<\/p>\n","protected":false},"excerpt":{"rendered":"<p>Collaborations scientifiques : &nbsp;&#8211; C\u00e9cile ANSIEAU&nbsp;(Service Public de Wallonie, DG04) &nbsp;&#8211; Achille GAUTIER (R.U. Gent) &nbsp;&#8211; Fr\u00e9d\u00e9ric HANUT (doctorant U.C. Louvain-la-Neuve &#8211; CRAN) &nbsp;&#8211; Sandrine&hellip;<\/p>\n","protected":false},"author":1,"featured_media":0,"parent":0,"menu_order":0,"comment_status":"closed","ping_status":"closed","template":"","meta":{"footnotes":""},"class_list":["post-266","page","type-page","status-publish","hentry"],"_links":{"self":[{"href":"https:\/\/statioromana.org\/index.php\/wp-json\/wp\/v2\/pages\/266","targetHints":{"allow":["GET"]}}],"collection":[{"href":"https:\/\/statioromana.org\/index.php\/wp-json\/wp\/v2\/pages"}],"about":[{"href":"https:\/\/statioromana.org\/index.php\/wp-json\/wp\/v2\/types\/page"}],"author":[{"embeddable":true,"href":"https:\/\/statioromana.org\/index.php\/wp-json\/wp\/v2\/users\/1"}],"replies":[{"embeddable":true,"href":"https:\/\/statioromana.org\/index.php\/wp-json\/wp\/v2\/comments?post=266"}],"version-history":[{"count":3,"href":"https:\/\/statioromana.org\/index.php\/wp-json\/wp\/v2\/pages\/266\/revisions"}],"predecessor-version":[{"id":272,"href":"https:\/\/statioromana.org\/index.php\/wp-json\/wp\/v2\/pages\/266\/revisions\/272"}],"wp:attachment":[{"href":"https:\/\/statioromana.org\/index.php\/wp-json\/wp\/v2\/media?parent=266"}],"curies":[{"name":"wp","href":"https:\/\/api.w.org\/{rel}","templated":true}]}}