{"id":385,"date":"2024-07-20T14:33:57","date_gmt":"2024-07-20T12:33:57","guid":{"rendered":"https:\/\/statioromana.org\/?page_id=385"},"modified":"2024-07-20T14:36:10","modified_gmt":"2024-07-20T12:36:10","slug":"presentation","status":"publish","type":"page","link":"https:\/\/statioromana.org\/index.php\/presentation\/","title":{"rendered":"Pr\u00e9sentation"},"content":{"rendered":"\n<p>Le mus\u00e9e gallo-romain de Waudrez est un <strong>mus\u00e9e de<\/strong> <strong>site arch\u00e9ologique<\/strong>.<\/p>\n\n\n\n<p>Son implantation au c\u0153ur de l\u2019antique agglom\u00e9ration de Vodgoriacum situ\u00e9 sur la chauss\u00e9e romaine Bavay-Tongres-Cologne en fait un lieu unique en Wallonie.<\/p>\n\n\n\n<p>Le mobilier arch\u00e9ologique pr\u00e9sent\u00e9 est presqu\u2019exclusivement issus des fouilles arch\u00e9ologiques men\u00e9es sur le site depuis les ann\u00e9es 1950.<\/p>\n\n\n\n<p>Toutes les facettes de la vie quotidienne, de la construction \u00e0 la parure en passant par le vaisselier, les \u00e9changes commerciaux avec le reste de l\u2019Empire et m\u00eame la mort sont illustr\u00e9es par les nombreux objets expos\u00e9s dans les vitrines didactiques.<\/p>\n\n\n\n<p>L\u2019objectif principal vise \u00e0 mettre en valeur le <em>vicus<\/em> de <em>Vodgoriacum<\/em> ainsi que le r\u00e9sultat des \u00e9tudes qui ont \u00e9t\u00e9 men\u00e9es.<\/p>\n","protected":false},"excerpt":{"rendered":"<p>Le mus\u00e9e gallo-romain de Waudrez est un mus\u00e9e de site arch\u00e9ologique. Son implantation au c\u0153ur de l\u2019antique agglom\u00e9ration de Vodgoriacum situ\u00e9 sur la chauss\u00e9e romaine&hellip;<\/p>\n","protected":false},"author":1,"featured_media":0,"parent":0,"menu_order":0,"comment_status":"closed","ping_status":"closed","template":"","meta":{"footnotes":""},"class_list":["post-385","page","type-page","status-publish","hentry"],"_links":{"self":[{"href":"https:\/\/statioromana.org\/index.php\/wp-json\/wp\/v2\/pages\/385","targetHints":{"allow":["GET"]}}],"collection":[{"href":"https:\/\/statioromana.org\/index.php\/wp-json\/wp\/v2\/pages"}],"about":[{"href":"https:\/\/statioromana.org\/index.php\/wp-json\/wp\/v2\/types\/page"}],"author":[{"embeddable":true,"href":"https:\/\/statioromana.org\/index.php\/wp-json\/wp\/v2\/users\/1"}],"replies":[{"embeddable":true,"href":"https:\/\/statioromana.org\/index.php\/wp-json\/wp\/v2\/comments?post=385"}],"version-history":[{"count":2,"href":"https:\/\/statioromana.org\/index.php\/wp-json\/wp\/v2\/pages\/385\/revisions"}],"predecessor-version":[{"id":391,"href":"https:\/\/statioromana.org\/index.php\/wp-json\/wp\/v2\/pages\/385\/revisions\/391"}],"wp:attachment":[{"href":"https:\/\/statioromana.org\/index.php\/wp-json\/wp\/v2\/media?parent=385"}],"curies":[{"name":"wp","href":"https:\/\/api.w.org\/{rel}","templated":true}]}}