{"id":393,"date":"2024-07-20T14:41:38","date_gmt":"2024-07-20T12:41:38","guid":{"rendered":"https:\/\/statioromana.org\/?page_id=393"},"modified":"2024-07-20T14:43:32","modified_gmt":"2024-07-20T12:43:32","slug":"les-collections","status":"publish","type":"page","link":"https:\/\/statioromana.org\/index.php\/les-collections\/","title":{"rendered":"Les collections"},"content":{"rendered":"\n<p>Le mobilier arch\u00e9ologique pr\u00e9sent\u00e9 dans les salles d\u2019exposition est issu des fouilles arch\u00e9ologiques men\u00e9es sur le vicus depuis les ann\u00e9es 1950. Seul le mat\u00e9riel n\u00e9olithique provient du site minier de Spiennes.<\/p>\n\n\n\n<p>La collection patrimoniale offre un grand int\u00e9r\u00eat par la qualit\u00e9 \u00e9lev\u00e9e et la grande diversit\u00e9 du mobilier arch\u00e9ologique d&rsquo;\u00e9poque gallo-romaine&nbsp;; ce dernier est parfaitement repr\u00e9sentatif des diff\u00e9rents aspects de la vie quotidienne, des \u00e9changes commerciaux et culturels de m\u00eame que de la mort \u00e0 cette \u00e9poque.<\/p>\n\n\n\n<p>L\u2019association est propri\u00e9taire et gestionnaire de l\u2019ensemble du mobilier arch\u00e9ologique mis au jour&nbsp;; par ailleurs, elle est d\u00e9positaire d\u2019une collection du SPW-AWaP issue de fouilles pr\u00e9ventives men\u00e9e sur le site de Vodgoriacum et suivies d\u2019une \u00e9tude publi\u00e9e.<\/p>\n","protected":false},"excerpt":{"rendered":"<p>Le mobilier arch\u00e9ologique pr\u00e9sent\u00e9 dans les salles d\u2019exposition est issu des fouilles arch\u00e9ologiques men\u00e9es sur le vicus depuis les ann\u00e9es 1950. Seul le mat\u00e9riel n\u00e9olithique&hellip;<\/p>\n","protected":false},"author":1,"featured_media":0,"parent":0,"menu_order":0,"comment_status":"closed","ping_status":"closed","template":"","meta":{"footnotes":""},"class_list":["post-393","page","type-page","status-publish","hentry"],"_links":{"self":[{"href":"https:\/\/statioromana.org\/index.php\/wp-json\/wp\/v2\/pages\/393","targetHints":{"allow":["GET"]}}],"collection":[{"href":"https:\/\/statioromana.org\/index.php\/wp-json\/wp\/v2\/pages"}],"about":[{"href":"https:\/\/statioromana.org\/index.php\/wp-json\/wp\/v2\/types\/page"}],"author":[{"embeddable":true,"href":"https:\/\/statioromana.org\/index.php\/wp-json\/wp\/v2\/users\/1"}],"replies":[{"embeddable":true,"href":"https:\/\/statioromana.org\/index.php\/wp-json\/wp\/v2\/comments?post=393"}],"version-history":[{"count":2,"href":"https:\/\/statioromana.org\/index.php\/wp-json\/wp\/v2\/pages\/393\/revisions"}],"predecessor-version":[{"id":399,"href":"https:\/\/statioromana.org\/index.php\/wp-json\/wp\/v2\/pages\/393\/revisions\/399"}],"wp:attachment":[{"href":"https:\/\/statioromana.org\/index.php\/wp-json\/wp\/v2\/media?parent=393"}],"curies":[{"name":"wp","href":"https:\/\/api.w.org\/{rel}","templated":true}]}}