{"id":400,"date":"2024-07-20T14:51:05","date_gmt":"2024-07-20T12:51:05","guid":{"rendered":"https:\/\/statioromana.org\/?page_id=400"},"modified":"2025-07-29T19:38:43","modified_gmt":"2025-07-29T17:38:43","slug":"publications","status":"publish","type":"page","link":"https:\/\/statioromana.org\/index.php\/publications\/","title":{"rendered":"Publications"},"content":{"rendered":"\n<p><strong>Bibliographie<\/strong><\/p>\n\n\n\n<p>Les ouvrages mentionn\u00e9s ci-dessous vous permettront d&rsquo;approfondir votre connaissance du site gallo-romain de <em>Vodgoriacum<\/em> et de son contexte historique.<\/p>\n\n\n<div class=\"wp-block-image\">\n<figure class=\"aligncenter size-large is-resized\"><img loading=\"lazy\" decoding=\"async\" width=\"390\" height=\"1024\" src=\"https:\/\/statioromana.org\/wp-content\/uploads\/2025\/07\/Goovaerts-Waudrez-description-ouvrage--390x1024.jpg\" alt=\"\" class=\"wp-image-667\" style=\"width:693px;height:auto\" srcset=\"https:\/\/statioromana.org\/wp-content\/uploads\/2025\/07\/Goovaerts-Waudrez-description-ouvrage--390x1024.jpg 390w, https:\/\/statioromana.org\/wp-content\/uploads\/2025\/07\/Goovaerts-Waudrez-description-ouvrage--114x300.jpg 114w, https:\/\/statioromana.org\/wp-content\/uploads\/2025\/07\/Goovaerts-Waudrez-description-ouvrage--585x1536.jpg 585w, https:\/\/statioromana.org\/wp-content\/uploads\/2025\/07\/Goovaerts-Waudrez-description-ouvrage-.jpg 752w\" sizes=\"auto, (max-width: 390px) 100vw, 390px\" \/><\/figure>\n<\/div>\n\n\n<p><strong>Publications scientifiques<\/strong><\/p>\n\n\n\n<ul class=\"wp-block-list\">\n<li>Massart Cl. et Dekegel Ph., 1983, Trouvailles<em> anciennes provenant du vicus de Waudrez (collection De Gennaro)<\/em>, Waudrez, 44 p.<\/li>\n\n\n\n<li>Ansieau C., 1990, <a href=\"https:\/\/www.academia.edu\/99182418\/_1990_Le_Vicus_gallo_romain_de_Waudrez_structures_arch%C3%A9ologiques_au_nord_de_la_voie_antique_Documents_dArch%C3%A9ologie_R%C3%A9gionale_3_pp_8_37_By_Ansieau_C_\">Le Vicus gallo-romain de Waudrez: structures arch\u00e9ologiques au nord de la voie antique. Documents d&rsquo;Arch\u00e9ologie R\u00e9gionale 3, pp. 8-37<\/a><\/li>\n\n\n\n<li>Hanut Fr. et Capers P. avec la collaboration de C\u00e9cile Ansieau, 2003, Un puits cultuel gallo-romain du vicus de Waudrez Vodgoriacum (Hainaut, Belgique) : \u00e9tude du mat\u00e9riel arch\u00e9ologique et interpr\u00e9tation chronologique dans <em>Vie arch\u00e9ologique<\/em>, n\u00b0 60, p. 5 \u00e0 103.<\/li>\n\n\n\n<li>Gautier A. et Ingels J., 2003, La faune d&rsquo;un puits d&rsquo;eau du vicus gallo-romain de Waudrez (Hainaut, Belgique) dans <em>Vie arch\u00e9ologique<\/em>, n\u00b0 60, p. 105 \u00e0 118.<\/li>\n\n\n\n<li><a>Ansieau<\/a> C. et Polet C., 2003, D\u00e9couverte de s\u00e9pultures \u00e0 incin\u00e9ration de la n\u00e9cropole du vicus de Waudrez (Hainaut, Belgique) : analyse du mobilier et \u00e9tude anthropologique dans <em>Vie arch\u00e9ologique<\/em>, n\u00b0 60, p. 119 \u00e0 151.<\/li>\n\n\n\n<li>Deramaix I., 2006, <em>Binche, Waudrez. Chauss\u00e9e romaine, constructions riveraines et n\u00e9cropoles. Rapport de fouilles men\u00e9es lors d&rsquo;am\u00e9nagements modernes<\/em>, Namur, (\u00c9tudes et Documents, Arch\u00e9ologie, 11).<\/li>\n\n\n\n<li>Ansieau C. et Hanut Fr., 2012,&nbsp; <a href=\"https:\/\/www.academia.edu\/93798130\/_2012_Binche_Waudrez_un_patrimoine_en_voie_de_destruction_Ramassage_de_surface_dans_la_zone_du_vicus_Chronique_de_l_Arche_ologie_wallonne_19_pp_69_74_By_Ansieau_C_and_Hanut_F_\"><em>Binche\/Waudrez: un patrimoine en voie de destruction? Ramassage de surface dans la zone du vicus <\/em>dans Chronique de l\u2019Arch\u00e9ologie wallonne, 19, p. 69 \u00e0 74 <\/a>.<\/li>\n\n\n\n<li>Ansieau C., 2019, <a href=\"https:\/\/www.academia.edu\/99380430\/_2019_Vodgoriacum_ou_les_pr%C3%A9mices_Dans_Histoire_de_la_ville_de_Binche_de_la_gen%C3%A8se_au_Temps_pr%C3%A9sent_Cauchies_J_M_Soci%C3%A9t%C3%A9_dArch%C3%A9ologie_et_des_Amis_du_Mus%C3%A9e_de_Binche_pp_39_48_By_Ansieau_C_\"><em>Vodgoriacum ou les pr\u00e9mices<\/em> dans Cauchies J.-M (dir.), Histoire de la ville de Binche: de la gen\u00e8se au Temps pr\u00e9sent, Soci\u00e9t\u00e9 d&rsquo;Arch\u00e9ologie et des Amis du Mus\u00e9e de Binche, p. 39 \u00e0 48.<\/a><\/li>\n<\/ul>\n\n\n\n<p><strong>\u00c9tudes d\u2019objets&nbsp;:<\/strong><\/p>\n\n\n\n<ul class=\"wp-block-list\">\n<li>Deman, A. et Raepsaet- Charlier, M.-Th. ; <em>Inscriptions latines de Belgique<\/em>, Bruxelles, 1985, n\u00b0 136 et 147.<\/li>\n\n\n\n<li>Ansieau C., 1988, <em>Poign\u00e9e de coffret<\/em> dans Bulletin du Centre d\u2019Arch\u00e9ologie et de Loisirs scientifiques, n\u00b037-38, p. 19 \u00e0 28.<\/li>\n\n\n\n<li>Ansieau C., 1989, <em>Une lampe \u00e0 huile en terre cuite<\/em> dans Bulletin du Centre d\u2019Arch\u00e9ologie et de Loisirs scientifiques, p. 13 \u00e0 18.<\/li>\n\n\n\n<li><em>G\u00e9rard<\/em><em> P.-B., 2014, Deux intailles d\u00e9couvertes sur le site de Vodgoriacum (Waudrez)<\/em><strong>, Notice analytique d\u2019objets arch\u00e9ologiques, Waudrez, 2014, 23 p<\/strong><strong>.<\/strong><\/li>\n\n\n\n<li><em>Quenon C<\/em>., 2016, <em>La cave au sud de la chauss\u00e9e romaine du vicus de Waudrez (Hainaut). \u00c9tude du mobilier<\/em>, M\u00e9moire de Master, in\u00e9dit.<\/li>\n\n\n\n<li><em>Raepsaet G.<\/em>, 2024, <em>\u00c9crire en Gaule du nord \u00e0 l\u2019\u00e9poque romaine, \u00c9tudes d\u2019arch\u00e9ologie<\/em>, 21, CR\u00c9A-Patrimoine, Bruxelles. <em>Les pages 18 et 19 concernent l\u2019Ab\u00e9c\u00e9daire grav\u00e9 sur un tesson de terra nigra de Waudrez<\/em>.<\/li>\n<\/ul>\n\n\n\n<p><strong>Notices<\/strong><\/p>\n\n\n\n<ul class=\"wp-block-list\">\n<li>Dekegel Ph., 1978, Waudrez, fouille dans le vicus dans <em>Arch\u00e9ologie<\/em>, 2, p. 73.<\/li>\n\n\n\n<li>Brulet R., 1978, Waudrez, fouille dans le vicus dans <em>Arch\u00e9ologie<\/em>, 2, p. 74.<\/li>\n\n\n\n<li>Dekegel Ph., 1979, Waudrez, fouille dans le vicus dans <em>Arch\u00e9ologie<\/em>, 2, pp. 26-27.<\/li>\n\n\n\n<li>Dekegel Ph., 1980, Waudrez, fouille dans le vicus, dans <em>Arch\u00e9ologie<\/em>, 2, p. 86.<\/li>\n\n\n\n<li>Dekegel Ph., 1981, Waudrez, fouille dans le vicus dans <em>Arch\u00e9ologie<\/em>, 2, p. 84.<\/li>\n\n\n\n<li>Dekegel Ph.,1983, Waudrez, fouille dans le vicus dans <em>Arch\u00e9ologie<\/em>, 2, p. 106-107.<\/li>\n\n\n\n<li>Dekegel Ph., 1984, Waudrez, fouille dans le vicus dans <em>Arch\u00e9ologie<\/em>, 2, p. 106-107.<\/li>\n\n\n\n<li>Dekegel Ph. et Ansieau C., 1987, <em>Vicus romain de Vodgoriacum \u00e0 Waudrez<\/em> dans Cahen A. et <em>al<\/em>., L\u2019arch\u00e9ologie en Wallonie 1982-1985. D\u00e9couvertes des Cercles arch\u00e9ologiques. Exposition organis\u00e9e par la f\u00e9d\u00e9ration des Arch\u00e9ologues de Wallonie, p. 87 \u00e0 89.<\/li>\n\n\n\n<li>Deramaix I. et Sartieaux P.Ph., 1995, Binche\/Waudrez : am\u00e9nagement d&rsquo;un rond-point sur la N 563 dans <em>Chronique de l\u2019arch\u00e9ologie wallonne<\/em>, 3, p. 26. <a href=\"https:\/\/lampspw.wallonie.be\/dgo4\/site_caw\/index.php\/article\/visualiser\/3\/26\/26t\">https:\/\/lampspw.wallonie.be\/dgo4\/site_caw\/index.php\/article\/visualiser\/3\/26\/26t<\/a><\/li>\n\n\n\n<li>Deramaix I., 1996-1997, Binche\/Waudrez : n\u00e9cropole romaine dans <em>Chronique de l\u2019arch\u00e9ologie wallonne<\/em>, 4-5, p. 20. <a href=\"https:\/\/lampspw.wallonie.be\/dgo4\/site_caw\/index.php\/article\/visualiser\/4-5\/20\/20\">https:\/\/lampspw.wallonie.be\/dgo4\/site_caw\/index.php\/article\/visualiser\/4-5\/20\/20<\/a><\/li>\n\n\n\n<li>Deramaix I., 1996-1997, Binche\/Waudrez : derniers sondages romaine lors de l&rsquo;am\u00e9nagement d&rsquo;un rond-point dans <em>Chronique de l\u2019arch\u00e9ologie wallonne<\/em>, 4-5, p. 19. <a href=\"https:\/\/lampspw.wallonie.be\/dgo4\/site_caw\/index.php\/article\/visualiser\/4-5\/19\/19\">https:\/\/lampspw.wallonie.be\/dgo4\/site_caw\/index.php\/article\/visualiser\/4-5\/19\/19<\/a><\/li>\n\n\n\n<li>Ansieau C., 1999, <a href=\"https:\/\/www.academia.edu\/93808139\/_1999_Binche_Waudrez_suivi_de_chantier_le_long_de_La_Princesse_Chronique_de_l_Arche_ologie_wallonne_7_pp_32_33_By_Ansieau_C_\"><em>Binche\/Waudrez : suivi de chantier le long de La Princesse<\/em> dans Chronique de l\u2019Arch\u00e9ologie wallonne, 7, p. 32-33.<\/a><\/li>\n\n\n\n<li><a>Ansieau<\/a> C. et Urbain Ch., 2000, <a href=\"https:\/\/www.academia.edu\/93807346\/_2000_Binche_Waudrez_suivi_de_chantier_le_long_de_La_Princesse_et_de_la_Bruille_Chronique_de_l_Arche_ologie_wallonne_8_pp_40_41_By_Ansieau_C_and_Urbain_C_\"><em>Binche\/Waudrez: suivi de chantier le long de La Princesse et de la Bruille<\/em> dans Chronique de l\u2019Arch\u00e9ologie wallonne, 8, p. 40-41.<\/a><\/li>\n\n\n\n<li>Ansieau C. et Urbain Ch., 2000, <a href=\"https:\/\/www.academia.edu\/93807260\/_2000_Binche_Waudrez_d%C3%A9couverte_du_cimeti%C3%A8re_du_Moyen_Age_Chronique_de_l_Arche_ologie_wallonne_8_pp_59_60_By_Ansieau_C_and_Urbain_C_\"><em>Binche\/Waudrez: d\u00e9couverte du cimeti\u00e8re du Moyen-Age<\/em> dans Chronique de l\u2019Arch\u00e9ologie wallonne, 8, p. 59-60.<\/a><\/li>\n\n\n\n<li>Deramaix&nbsp; I. et Sartieaux P.Ph., 2000, Binche\/Waudrez : chauss\u00e9e d&rsquo;Estinnes dans <em>Chronique de l\u2019arch\u00e9ologie wallonne<\/em>, 8, p. 39-40. <a href=\"https:\/\/lampspw.wallonie.be\/dgo4\/site_caw\/index.php\/article\/visualiser\/8\/39\/40\">https:\/\/lampspw.wallonie.be\/dgo4\/site_caw\/index.php\/article\/visualiser\/8\/39\/40<\/a><\/li>\n\n\n\n<li>Ansieau C. et Letor A., 2004, <a href=\"https:\/\/www.academia.edu\/93804939\/_2004_Binche_Binche_%C3%A9valuation_n%C3%A9gative_le_long_de_la_chauss%C3%A9e_Brunehaut_Chronique_de_l_Arche_ologie_wallonne_12_p_58_By_Letor_A_and_Ansieau_C_\"><em>Binche\/Binche: \u00e9valuation n\u00e9gative le long de la chauss\u00e9e Brunehaut<\/em> dans Chronique de l\u2019Arch\u00e9ologie wallonne, 12, p. 58.<\/a><\/li>\n\n\n\n<li>Ansieau C., 2008, Le vicus de Waudrez dans Brulet R., <em>Les Romains en Wallonie<\/em>, \u00c9d. Racines.<\/li>\n\n\n\n<li>Dumont G., 2009, Binche\/Waudrez : \u00e9valuation le long de la Chauss\u00e9e romaine au lieu-dit \u00ab Chou Crott\u00e9 \u00bb ou \u00ab Chaud Crott\u00e9&nbsp;\u00bb dans <em>Chronique de l\u2019arch\u00e9ologie wallonne<\/em>, 16, p. 76-77. <a href=\"https:\/\/lampspw.wallonie.be\/dgo4\/site_caw\/index.php\/article\/visualiser\/16\/76\/77\">https:\/\/lampspw.wallonie.be\/dgo4\/site_caw\/index.php\/article\/visualiser\/16\/76\/77<\/a><\/li>\n\n\n\n<li>Sornasse C., 2012, Binche\/Waudrez : seconde campagne de fouilles du cimeti\u00e8re m\u00e9di\u00e9val dans <a><em>Chronique de l\u2019arch\u00e9ologie wallonne<\/em>, <\/a>19, p. 79. <a href=\"https:\/\/lampspw.wallonie.be\/dgo4\/site_caw\/index.php\/article\/visualiser\/19\/79\/79\">https:\/\/lampspw.wallonie.be\/dgo4\/site_caw\/index.php\/article\/visualiser\/19\/79\/79<\/a><\/li>\n\n\n\n<li>Authom N., 2014, Binche\/Waudrez : surveillance arch\u00e9ologique sur le trac\u00e9 de la chauss\u00e9e romain dans <em>Chronique de l\u2019arch\u00e9ologie wallonne<\/em>, 21, 85-86.&nbsp; <a href=\"https:\/\/lampspw.wallonie.be\/dgo4\/site_caw\/index.php\/article\/visualiser\/21\/85\/86\">https:\/\/lampspw.wallonie.be\/dgo4\/site_caw\/index.php\/article\/visualiser\/21\/85\/86<\/a><\/li>\n\n\n\n<li>Authom N. et Hanut Fr., 2023 Binche\/Waudrez : une occupation du III<sup>e<\/sup> si\u00e8cle av. J.-C. au sein du site class\u00e9 de Vodgoriacum dans <em>Chronique de l\u2019arch\u00e9ologie wallonne<\/em>, 31, p. 78-84. <a href=\"https:\/\/lampspw.wallonie.be\/dgo4\/site_caw\/index.php\/article\/visualiser\/31\/78\/84\">https:\/\/lampspw.wallonie.be\/dgo4\/site_caw\/index.php\/article\/visualiser\/31\/78\/84<\/a><\/li>\n<\/ul>\n","protected":false},"excerpt":{"rendered":"<p>Bibliographie Les ouvrages mentionn\u00e9s ci-dessous vous permettront d&rsquo;approfondir votre connaissance du site gallo-romain de Vodgoriacum et de son contexte historique. Publications scientifiques \u00c9tudes d\u2019objets&nbsp;: Notices<\/p>\n","protected":false},"author":1,"featured_media":0,"parent":0,"menu_order":0,"comment_status":"closed","ping_status":"closed","template":"","meta":{"footnotes":""},"class_list":["post-400","page","type-page","status-publish","hentry"],"_links":{"self":[{"href":"https:\/\/statioromana.org\/index.php\/wp-json\/wp\/v2\/pages\/400","targetHints":{"allow":["GET"]}}],"collection":[{"href":"https:\/\/statioromana.org\/index.php\/wp-json\/wp\/v2\/pages"}],"about":[{"href":"https:\/\/statioromana.org\/index.php\/wp-json\/wp\/v2\/types\/page"}],"author":[{"embeddable":true,"href":"https:\/\/statioromana.org\/index.php\/wp-json\/wp\/v2\/users\/1"}],"replies":[{"embeddable":true,"href":"https:\/\/statioromana.org\/index.php\/wp-json\/wp\/v2\/comments?post=400"}],"version-history":[{"count":2,"href":"https:\/\/statioromana.org\/index.php\/wp-json\/wp\/v2\/pages\/400\/revisions"}],"predecessor-version":[{"id":668,"href":"https:\/\/statioromana.org\/index.php\/wp-json\/wp\/v2\/pages\/400\/revisions\/668"}],"wp:attachment":[{"href":"https:\/\/statioromana.org\/index.php\/wp-json\/wp\/v2\/media?parent=400"}],"curies":[{"name":"wp","href":"https:\/\/api.w.org\/{rel}","templated":true}]}}