{"id":449,"date":"2024-07-25T08:20:28","date_gmt":"2024-07-25T06:20:28","guid":{"rendered":"https:\/\/statioromana.org\/?page_id=449"},"modified":"2024-07-25T08:50:10","modified_gmt":"2024-07-25T06:50:10","slug":"ouvrages-en-vente-a-laccueil","status":"publish","type":"page","link":"https:\/\/statioromana.org\/index.php\/ouvrages-en-vente-a-laccueil\/","title":{"rendered":"Ouvrages en vente \u00e0 l&rsquo;accueil"},"content":{"rendered":"\n<p class=\"has-white-color has-text-color has-link-color wp-elements-5b2b3fe3bf9413cf1589a017eb2f4f48\" style=\"text-decoration:underline\"><strong>G\u00e9n\u00e9ralit\u00e9s\u00a0:<\/strong><\/p>\n\n\n\n<p class=\"has-text-align-left has-white-color has-text-color has-link-color wp-elements-f81678880853e95c6846597a2cfd8e26\" style=\"letter-spacing:0px\"><br><strong>Goovaerts<\/strong><strong>, Rvd P\u00e8re S., 1933,&nbsp;<\/strong><em>Un village inconnu\u2026Waudrez, l\u2019ancien Vodgoriacum des Romains<\/em><strong>, Binche, 342 p.<\/strong><\/p>\n\n\n\n<p class=\"has-white-color has-text-color has-link-color wp-elements-7c6ff59121d1ef32a165b8d481d62c6b\">Cet ouvrage retrace l\u2019histoire de Waudrez depuis la conqu\u00eate de C\u00e9sar jusqu\u2019apr\u00e8s la premi\u00e8re guerre mondiale. Il comporte \u00e9galement un large opuscule relatif \u00e0 la seigneurie de Bruille et \u00e0 ses occupants, du Moyen Age au d\u00e9but du XX<sup>e<\/sup>&nbsp;si\u00e8cle.<\/p>\n\n\n\n<p class=\"has-text-align-left has-white-color has-text-color has-link-color wp-elements-496f7859afd3ed2d1169dd7230153d82\">Prix : 20,00 \u20ac\u00a0<\/p>\n\n\n\n<p class=\"has-white-color has-text-color has-link-color wp-elements-91c272f4c50ad97ee0b059512a19380b\" style=\"text-decoration:underline\"><strong>Publications scientifiques\u00a0:<\/strong><\/p>\n\n\n\n<p class=\"has-white-color has-text-color has-link-color wp-elements-c5a5d118ee120b9897e7ed7c3cc36ba1\">MASSART Cl. et DEKEGEL, Ph., 1983, Trouvailles anciennes provenant du vicus de Waudrez (collection de GENNARO), Waudrez, 44 p. et 19 pl.<br>Cette \u00e9tude arch\u00e9ologique porte sur le mat\u00e9riel arch\u00e9ologique d\u00e9couvert par Dominique de\u00a0Gennaro lors de ses recherches sur le vicus et plus particuli\u00e8rement celui d\u2019une cave \u00e0 parois en bois, qu\u2019il avait baptis\u00e9e \u201cfosse Gallien\u201d. L\u2019ensemble du mat\u00e9riel arch\u00e9ologique dont un lot important d\u2019objets en fer et en alliage du cuivre destin\u00e9 au recyclage a \u00e9t\u00e9 restaur\u00e9 puis confi\u00e9, apr\u00e8s son d\u00e9c\u00e8s, au Mus\u00e9e gallo-romain de Waudrez o\u00f9 apr\u00e8s avoir \u00e9t\u00e9 restaur\u00e9, il est conserv\u00e9 et pr\u00e9sent\u00e9 dans des vitrines \u00e9tanches.<\/p>\n\n\n\n<p class=\"has-white-color has-text-color has-link-color wp-elements-1950afe05f22ba7280160c0427036a23\">Prix : 8,75 \u20ac<\/p>\n\n\n\n<p class=\"has-white-color has-text-color has-link-color wp-elements-9817d274d21ad3cf0fecc71b42cab469\"><br>Vie Arch\u00e9ologique, 2003, Bulletin de la F\u00e9d\u00e9ration des Arch\u00e9ologues de Wallonie, a.s.b.l., n\u00b0 60.<br>HANUT Fr. et CAPERS P. avec la collaboration de C\u00e9cile Ansieau, Un puits cultuel gallo-romain du vicus de Waudrez Vodgoriacum (Hainaut, Belgique) : \u00e9tude du mat\u00e9riel arch\u00e9ologique et interpr\u00e9tation chronologique, p.5 \u00e0103.<br>GAUTIER A. et INGELS J., La faune d&rsquo;un puits d&rsquo;eau du vicus gallo-romain de Waudrez (Hainaut, Belgique), p. 105 \u00e0 118.<br>ANSIEAU C. et POLET C., D\u00e9couverte de s\u00e9pultures \u00e0 incin\u00e9ration de la n\u00e9cropole du vicus de Waudrez (Hainaut, Belgique) : analyse du mobilier et \u00e9tude anthropologique, p. 119 \u00e0 151.<br>Ce volume est enti\u00e8rement consacr\u00e9 \u00e0 trois \u00e9tudes relatives au mat\u00e9riel arch\u00e9ologique mis au jour dans le puits et de la partie de n\u00e9cropole fouill\u00e9s entre 1983 et 1985.<\/p>\n\n\n\n<p class=\"has-white-color has-text-color has-link-color wp-elements-e80264a67515cc50562f0d1a98eb0e38\">Prix\u00a0: 17,00 \u20ac<\/p>\n\n\n\n<p class=\"has-white-color has-text-color has-link-color wp-elements-d0959fc6f4ed28598c6ca6c54ad98c87\"><br>G\u00c9RARD P.-B., 2014, Deux intailles d\u00e9couvertes sur le site de Vodgoriacum (Waudrez), Notice<br>analytique d\u2019objets arch\u00e9ologiques, Waudrez, 2014, 23p.<\/p>\n\n\n\n<p class=\"has-white-color has-text-color has-link-color wp-elements-999a4b1f923cdaac55647df41e8808c8\">Cette monographie est une \u00e9tude approfondie et une discussion d\u00e9taill\u00e9e de deux intailles en cornaline<br>mises au jour lors de la fouille d\u2019une cave d\u2019habitation, de 1985 \u00e0 1988, sur le site gallo-romain de<br>Vodgoriacum.<\/p>\n\n\n\n<p class=\"has-white-color has-text-color has-link-color wp-elements-e9b75b11efac2d10f84a667df99cf650\">Prix\u00a0: 10\u00a0\u20ac<\/p>\n\n\n\n<p class=\"has-white-color has-text-color has-link-color wp-elements-d86b03e40726326881a801944b75bc24\" style=\"text-decoration:underline\"><strong>Catalogues d\u2019exposition\u00a0temporaire :<\/strong><\/p>\n\n\n\n<p class=\"has-white-color has-text-color has-link-color wp-elements-e0d2d9dd9cddb600f4a6ca7fe63beec4\"><br>25 ann\u00e9es d\u2019activit\u00e9s, 1994, STATIO ROMANA, ASBL, Waudrez, 20 p.<br>Cette brochure, retrace l\u2019histoire et l\u2019\u00e9volution de l\u2019association, de sa cr\u00e9ation en 1969 jusque 1994,<br>ainsi que les activit\u00e9s et fouilles arch\u00e9ologiques men\u00e9es par l\u2019ASBL.\u00a0Prix : 2,50 \u20ac<br>La chauss\u00e9e romaine, 1995, Waudrez, STATIO ROMANA, ASBL, Waudrez, 34 p.<br>Ce catalogue pr\u00e9sente bri\u00e8vement les chauss\u00e9es romaines, en expliquant leur construction, leur raison<br>d\u2019\u00eatre et en d\u00e9crivant leurs abords. Il constitue un guide d\u00e9taill\u00e9 pour la pr\u00e9paration d\u2019une visite du<br>Centre d\u2019interpr\u00e9tation de la chauss\u00e9e romaine.\u00a0 Prix : 7,50\u00a0\u20ac<br>CAPERS P. et CLAYES C., 2006, La Citoyennet\u00e9 en Belgique romaine, Waudrez, 18 p.<br>Ce catalogue s\u2019attache \u00e0 expliquer la notion de citoyennet\u00e9 romaine, son origine, son \u00e9volution dans<br>nos r\u00e9gions et \u00e0 Rome ainsi que des droits qui s\u2019y rapportent.\u00a0Prix : 5,00 \u20ac<br>CAPERS P. et CLAYES C., 2007, La Mode \u00e0 Rome, Waudrez, 33 p.<br>Ce catalogue est consacr\u00e9 \u00e0 l\u2019\u00e9volution de l\u2019habillement civil masculin et f\u00e9minin, de la parure, de la<br>coiffure, \u2026 dans le monde romain du I er\u00a0 si\u00e8cle avant J.-C. au IV \u00e8me \u00a0si\u00e8cle apr\u00e8s J.-C.\u00a0Prix : 6,00 \u20ac<br>CAPERS P. et CLAYES C., 2009, Mosa\u00efques d\u2019un Empire, Waudrez, 41 p.<br>Ce catalogue pr\u00e9sente notamment les techniques de mise en \u0153uvre, les divers th\u00e8mes et d\u00e9cors, etc\u2026<br>et l\u2019\u00e9volution de l\u2019art de la mosa\u00efque dans l\u2019Empire Romain.\u00a0Prix\u00a0: 6,00 \u20ac<br>CAPERS P. et DEKEGEL, Ph., 2010, Vodgoriacum, le vicus gallo-romain de Waudrez\u00a0\u00bb (Guide du<br>site, du mus\u00e9e et du centre d\u2019interpr\u00e9tation de la chauss\u00e9e romaine), Waudrez, 56 p.<br>Ce guide richement illustr\u00e9 pr\u00e9sente bri\u00e8vement l\u2019histoire du site gallo-romain<br>de\u00a0Vodgoriacum, de son identification par les modernes et des fouilles qui y ont \u00e9t\u00e9 men\u00e9es.<br>La deuxi\u00e8me partie est consacr\u00e9e aux collections visibles au Mus\u00e9e gallo-romain. Enfin, un<br>chapitre retrace les diff\u00e9rents aspects des chauss\u00e9es romaines, qui sont abord\u00e9s dans le Centre<br>d\u2019interpr\u00e9tation qui leur est consacr\u00e9.<br>Ce guide, actuellement \u00e9puis\u00e9, est en cours de r\u00e9vision.<br>CAPERS P. et CLAYES C., 2010, Les animaux domestiques dans le monde romain, Waudrez.<br>Construite sur base des textes latins, des d\u00e9couvertes iconographiques, romaines et des<br>vestiges arch\u00e9ologiques (\u00e0 Waudrez \u2013 Vodgoriacum \u2013 notamment), cette exposition retrace les<br>rapports que les hommes ont entretenus avec les animaux domestiques ou familiers dans<br>l\u2019Antiquit\u00e9 romaine.<br>Pour toute commande d\u2019ouvrages, possibilit\u00e9 d\u2019envoi postal en Belgique et \u00e0 l\u2019\u00e9tranger<br>(pr\u00e9voir une majoration du prix, \u00e0 demander au pr\u00e9alable).<\/p>\n","protected":false},"excerpt":{"rendered":"<p>G\u00e9n\u00e9ralit\u00e9s\u00a0: Goovaerts, Rvd P\u00e8re S., 1933,&nbsp;Un village inconnu\u2026Waudrez, l\u2019ancien Vodgoriacum des Romains, Binche, 342 p. Cet ouvrage retrace l\u2019histoire de Waudrez depuis la conqu\u00eate de&hellip;<\/p>\n","protected":false},"author":1,"featured_media":0,"parent":0,"menu_order":0,"comment_status":"closed","ping_status":"closed","template":"","meta":{"footnotes":""},"class_list":["post-449","page","type-page","status-publish","hentry"],"_links":{"self":[{"href":"https:\/\/statioromana.org\/index.php\/wp-json\/wp\/v2\/pages\/449","targetHints":{"allow":["GET"]}}],"collection":[{"href":"https:\/\/statioromana.org\/index.php\/wp-json\/wp\/v2\/pages"}],"about":[{"href":"https:\/\/statioromana.org\/index.php\/wp-json\/wp\/v2\/types\/page"}],"author":[{"embeddable":true,"href":"https:\/\/statioromana.org\/index.php\/wp-json\/wp\/v2\/users\/1"}],"replies":[{"embeddable":true,"href":"https:\/\/statioromana.org\/index.php\/wp-json\/wp\/v2\/comments?post=449"}],"version-history":[{"count":7,"href":"https:\/\/statioromana.org\/index.php\/wp-json\/wp\/v2\/pages\/449\/revisions"}],"predecessor-version":[{"id":459,"href":"https:\/\/statioromana.org\/index.php\/wp-json\/wp\/v2\/pages\/449\/revisions\/459"}],"wp:attachment":[{"href":"https:\/\/statioromana.org\/index.php\/wp-json\/wp\/v2\/media?parent=449"}],"curies":[{"name":"wp","href":"https:\/\/api.w.org\/{rel}","templated":true}]}}