{"id":468,"date":"2024-08-06T10:01:06","date_gmt":"2024-08-06T08:01:06","guid":{"rendered":"https:\/\/statioromana.org\/?page_id=468"},"modified":"2026-04-24T13:50:44","modified_gmt":"2026-04-24T11:50:44","slug":"juin-2024","status":"publish","type":"page","link":"https:\/\/statioromana.org\/index.php\/juin-2024\/","title":{"rendered":"Juin 2024"},"content":{"rendered":"\n<p><strong>L\u2019objet de Juin 2024<\/strong><\/p>\n\n\n\n<p>Nous entamons cette nouvelle rubrique en vous pr\u00e9sentant une \ud835\uddee\ud835\uddfb\ud835\ude00\ud835\uddf2 \ud835\uddee\u0300 \ud835\uddfd\ud835\uddfc\ud835\ude02\ud835\uddf0\ud835\uddf6\ud835\uddf2\ud835\uddff \ud835\uddee\ud835\uddfb\ud835\ude01\ud835\uddf5\ud835\uddff\ud835\uddfc\ud835\uddfd\ud835\uddfc\ud835\uddfa\ud835\uddfc\ud835\uddff\ud835\uddfd\ud835\uddf5\ud835\uddf2 provenant d\u2019une cruche en c\u00e9ramique dor\u00e9e.<\/p>\n\n\n\n<figure class=\"wp-block-image\"><img loading=\"lazy\" decoding=\"async\" width=\"1024\" height=\"1024\" src=\"http:\/\/statioromana.org\/wp-content\/uploads\/2024\/06\/anseapoucier-1024x1024.jpg\" alt=\"\" class=\"wp-image-30\" srcset=\"https:\/\/statioromana.org\/wp-content\/uploads\/2024\/06\/anseapoucier-1024x1024.jpg 1024w, https:\/\/statioromana.org\/wp-content\/uploads\/2024\/06\/anseapoucier-300x300.jpg 300w, https:\/\/statioromana.org\/wp-content\/uploads\/2024\/06\/anseapoucier-150x150.jpg 150w, https:\/\/statioromana.org\/wp-content\/uploads\/2024\/06\/anseapoucier-768x768.jpg 768w, https:\/\/statioromana.org\/wp-content\/uploads\/2024\/06\/anseapoucier-1536x1536.jpg 1536w, https:\/\/statioromana.org\/wp-content\/uploads\/2024\/06\/anseapoucier-600x600.jpg 600w, https:\/\/statioromana.org\/wp-content\/uploads\/2024\/06\/anseapoucier.jpg 2048w\" sizes=\"auto, (max-width: 1024px) 100vw, 1024px\" \/><\/figure>\n\n\n\n<figure class=\"wp-block-image\"><img loading=\"lazy\" decoding=\"async\" width=\"590\" height=\"414\" src=\"http:\/\/statioromana.org\/wp-content\/uploads\/2024\/06\/image.jpeg\" alt=\"\" class=\"wp-image-28\" srcset=\"https:\/\/statioromana.org\/wp-content\/uploads\/2024\/06\/image.jpeg 590w, https:\/\/statioromana.org\/wp-content\/uploads\/2024\/06\/image-300x211.jpeg 300w\" sizes=\"auto, (max-width: 590px) 100vw, 590px\" \/><\/figure>\n\n\n\n<p>Trouv\u00e9 sur le site de \ud835\udde9\ud835\uddfc\ud835\uddf1\ud835\uddf4\ud835\uddfc\ud835\uddff\ud835\uddf6\ud835\uddee\ud835\uddf0\ud835\ude02\ud835\uddfa, le buste de l\u2019anse expos\u00e9 dans notre mus\u00e9e, pr\u00e9sente une facture soign\u00e9e. Il serait celui d\u2019une femme avec indication de la coiffure et du drap\u00e9 du v\u00eatement autour du cou et sur les \u00e9paules. Les sourcils sont arqu\u00e9s et les yeux en amande ; malheureusement, le nez n\u2019a pas \u00e9t\u00e9 conserv\u00e9. La surface dor\u00e9e au mica tente d\u2019imiter la vaisselle en m\u00e9tal.<\/p>\n\n\n\n<p>En compagnie de la pat\u00e8re \u00e0 manche cannel\u00e9, la cruche forme le service \u00e0 ablutions ou libations que l\u2019on trouve dans les n\u00e9cropoles et \u00e9tablissements du nord-ouest de la Gaule Belgique au cours de la premi\u00e8re moiti\u00e9 du Ier si\u00e8cle apr\u00e8s J.-C. Ces objets sont peu nombreux dans la r\u00e9gion, toutefois, un exemplaire a \u00e9t\u00e9 d\u00e9couvert non loin du \ud835\udde9\ud835\uddfc\ud835\uddf1\ud835\uddf4\ud835\uddfc\ud835\uddff\ud835\uddf6\ud835\uddee\ud835\uddf0\ud835\ude02\ud835\uddfa, dans la n\u00e9cropole de P\u00e9ronnes-lez-Binche datant du d\u00e9but du 1er si\u00e8cle de notre \u00e8re et est expos\u00e9 au Mus\u00e9e Royal de Mariemont.<\/p>\n\n\n\n<p>(C. Ansieau)<\/p>\n\n\n\n<p>Plus d\u2019information dans la vitrine du \ud835\udde0\ud835\ude02\ud835\ude00\ud835\uddf2\u0301\ud835\uddf2 \ud835\uddf4\ud835\uddee\ud835\uddf9\ud835\uddf9\ud835\uddfc-\ud835\uddff\ud835\uddfc\ud835\uddfa\ud835\uddee\ud835\uddf6\ud835\uddfb \ud835\uddf1\ud835\uddf2 \ud835\uddea\ud835\uddee\ud835\ude02\ud835\uddf1\ud835\uddff\ud835\uddf2\ud835\ude07 !<\/p>\n\n\n\n<p>R\u00e9f. : Ansieau C., Hanut F., 2012, Binche\/Waudrez : un patrimoine en voie de destruction ? Ramassage de surface dans la zone du vicus dans \ud835\ude0a\ud835\ude29\ud835\ude33\ud835\ude30\ud835\ude2f\ud835\ude2a\ud835\ude32\ud835\ude36\ud835\ude26 \ud835\ude25\ud835\ude26 \ud835\ude2d\u2019\ud835\ude22\ud835\ude33\ud835\ude24\ud835\ude29\ud835\ude26\u0301\ud835\ude30\ud835\ude2d\ud835\ude30\ud835\ude28\ud835\ude2a\ud835\ude26 \ud835\ude38\ud835\ude22\ud835\ude2d\ud835\ude2d\ud835\ude30\ud835\ude2f\ud835\ude2f\ud835\ude26, 19, p. 69-71.<\/p>\n\n\n\n<p>L\u2019article est disponible en ligne dans \u201cChronique de l\u2019arch\u00e9ologie wallonne\u201d<\/p>\n","protected":false},"excerpt":{"rendered":"<p>L\u2019objet de Juin 2024 Nous entamons cette nouvelle rubrique en vous pr\u00e9sentant une \ud835\uddee\ud835\uddfb\ud835\ude00\ud835\uddf2 \ud835\uddee\u0300 \ud835\uddfd\ud835\uddfc\ud835\ude02\ud835\uddf0\ud835\uddf6\ud835\uddf2\ud835\uddff \ud835\uddee\ud835\uddfb\ud835\ude01\ud835\uddf5\ud835\uddff\ud835\uddfc\ud835\uddfd\ud835\uddfc\ud835\uddfa\ud835\uddfc\ud835\uddff\ud835\uddfd\ud835\uddf5\ud835\uddf2 provenant d\u2019une cruche en c\u00e9ramique dor\u00e9e. Trouv\u00e9 sur&hellip;<\/p>\n","protected":false},"author":1,"featured_media":0,"parent":0,"menu_order":0,"comment_status":"closed","ping_status":"closed","template":"","meta":{"footnotes":""},"class_list":["post-468","page","type-page","status-publish","hentry"],"_links":{"self":[{"href":"https:\/\/statioromana.org\/index.php\/wp-json\/wp\/v2\/pages\/468","targetHints":{"allow":["GET"]}}],"collection":[{"href":"https:\/\/statioromana.org\/index.php\/wp-json\/wp\/v2\/pages"}],"about":[{"href":"https:\/\/statioromana.org\/index.php\/wp-json\/wp\/v2\/types\/page"}],"author":[{"embeddable":true,"href":"https:\/\/statioromana.org\/index.php\/wp-json\/wp\/v2\/users\/1"}],"replies":[{"embeddable":true,"href":"https:\/\/statioromana.org\/index.php\/wp-json\/wp\/v2\/comments?post=468"}],"version-history":[{"count":1,"href":"https:\/\/statioromana.org\/index.php\/wp-json\/wp\/v2\/pages\/468\/revisions"}],"predecessor-version":[{"id":470,"href":"https:\/\/statioromana.org\/index.php\/wp-json\/wp\/v2\/pages\/468\/revisions\/470"}],"wp:attachment":[{"href":"https:\/\/statioromana.org\/index.php\/wp-json\/wp\/v2\/media?parent=468"}],"curies":[{"name":"wp","href":"https:\/\/api.w.org\/{rel}","templated":true}]}}