{"id":474,"date":"2024-08-06T13:43:11","date_gmt":"2024-08-06T11:43:11","guid":{"rendered":"https:\/\/statioromana.org\/?page_id=474"},"modified":"2026-05-01T14:31:56","modified_gmt":"2026-05-01T12:31:56","slug":"aout-2024","status":"publish","type":"page","link":"https:\/\/statioromana.org\/index.php\/aout-2024\/","title":{"rendered":"Encrier en terre d&rsquo;argile"},"content":{"rendered":"\n<p class=\"has-large-font-size\">\ud835\udddf&rsquo;\ud835\uddfc\ud835\uddef\ud835\uddf7\ud835\uddf2\ud835\ude01 \ud835\uddf1\ud835\ude02 \ud835\uddfa\ud835\uddfc\ud835\uddf6\ud835\ude00 &#8211; \ud835\uddd4\ud835\uddfc\ud835\ude02\u0302\ud835\ude01 \ud835\udfee\ud835\udfec\ud835\udfee\ud835\udff0<\/p>\n\n\n\n<p>\ud835\uddd8\ud835\uddfb\ud835\uddf0\ud835\uddff\ud835\uddf6\ud835\uddf2\ud835\uddff \ud835\uddf2\ud835\uddfb \ud835\ude01\ud835\uddf2\ud835\uddff\ud835\uddff\ud835\uddf2 \ud835\ude00\ud835\uddf6\ud835\uddf4\ud835\uddf6\ud835\uddf9\ud835\uddf9\ud835\uddf2\u0301\ud835\uddf2<\/p>\n\n\n<div class=\"wp-block-image\">\n<figure class=\"aligncenter size-large is-resized\"><img loading=\"lazy\" decoding=\"async\" width=\"1024\" height=\"768\" src=\"https:\/\/statioromana.org\/wp-content\/uploads\/2024\/08\/encrier-1024x768.jpg\" alt=\"\" class=\"wp-image-472\" style=\"width:523px;height:auto\" srcset=\"https:\/\/statioromana.org\/wp-content\/uploads\/2024\/08\/encrier-1024x768.jpg 1024w, https:\/\/statioromana.org\/wp-content\/uploads\/2024\/08\/encrier-300x225.jpg 300w, https:\/\/statioromana.org\/wp-content\/uploads\/2024\/08\/encrier-768x576.jpg 768w, https:\/\/statioromana.org\/wp-content\/uploads\/2024\/08\/encrier-1536x1152.jpg 1536w, https:\/\/statioromana.org\/wp-content\/uploads\/2024\/08\/encrier.jpg 2048w\" sizes=\"auto, (max-width: 1024px) 100vw, 1024px\" \/><\/figure>\n<\/div>\n\n\n<p>C\u2019est le mois d\u2019ao\u00fbt, on pr\u00e9pare son mat\u00e9riel pour la rentr\u00e9e scolaire !<\/p>\n\n\n\n<p>On dirait qu&rsquo;\u00e0 l\u2019\u00e9poque romaine \u00e9galement, en effet&#8230; \u00e0 \ud835\udde9\ud835\uddfc\ud835\uddf1\ud835\uddf4\ud835\uddfc\ud835\uddff\ud835\uddf6\ud835\uddee\ud835\uddf0\ud835\ude02\ud835\uddfa, une forme de c\u00e9ramique peu courante a \u00e9t\u00e9 d\u00e9couverte lors de la suite de la fouille de la cave romaine en 1986.<\/p>\n\n\n\n<p>Il s\u2019agit d\u2019un encrier en terre sigill\u00e9e de forme cylindrique avec un fond plat et une gorge qui souligne le pied bas. La plage sup\u00e9rieure, l\u00e9g\u00e8rement oblique vers le centre, comporte une ouverture circulaire ainsi que deux petits orifices sym\u00e9triques sur le bord, destin\u00e9s \u00e0 \u00e9goutter l\u2019encre du calame, cet instrument en roseau destin\u00e9 \u00e0 \u00e9crire sur papyrus. Compar\u00e9 \u00e0 d\u2019autres exemplaires du m\u00eame type, on peut le dater de la deuxi\u00e8me moiti\u00e9 du IIe si\u00e8cle ou du d\u00e9but du IIIe si\u00e8cle.<\/p>\n\n\n\n<p>Que fait cet encrier dans notre agglom\u00e9ration routi\u00e8re le long de la grande chauss\u00e9e Bavay-Cologne ?<\/p>\n\n\n\n<p>Avez-vous vu la vitrine du mus\u00e9e consacr\u00e9e \u00e0 l\u2019\u00e9criture gallo-romaine o\u00f9 il est expos\u00e9 ?<\/p>\n\n\n\n<p>Vous y trouverez plus d\u2019explications encore&#8230;<\/p>\n\n\n\n<p>(C. Ansieau)<\/p>\n\n\n\n<p>R\u00e9f. : Ansieau C., 1990, \u00ab Le vicus gallo-romain de Waudrez : structures arch\u00e9ologiques au nord de la voie antique \u00bb dans \ud835\ude0b\ud835\ude30\ud835\ude24\ud835\ude36\ud835\ude2e\ud835\ude26\ud835\ude2f\ud835\ude35\ud835\ude34 \ud835\ude25\u2019\ud835\ude08\ud835\ude33\ud835\ude24\ud835\ude29\ud835\ude26\u0301\ud835\ude30\ud835\ude2d\ud835\ude30\ud835\ude28\ud835\ude2a\ud835\ude26 \ud835\ude19\ud835\ude26\u0301\ud835\ude28\ud835\ude2a\ud835\ude30\ud835\ude2f\ud835\ude22\ud835\ude2d\ud835\ude26, 3, p. 29-31.nne\u00a0\u00bb<\/p>\n","protected":false},"excerpt":{"rendered":"<p>\ud835\udddf&rsquo;\ud835\uddfc\ud835\uddef\ud835\uddf7\ud835\uddf2\ud835\ude01 \ud835\uddf1\ud835\ude02 \ud835\uddfa\ud835\uddfc\ud835\uddf6\ud835\ude00 &#8211; \ud835\uddd4\ud835\uddfc\ud835\ude02\u0302\ud835\ude01 \ud835\udfee\ud835\udfec\ud835\udfee\ud835\udff0 \ud835\uddd8\ud835\uddfb\ud835\uddf0\ud835\uddff\ud835\uddf6\ud835\uddf2\ud835\uddff \ud835\uddf2\ud835\uddfb \ud835\ude01\ud835\uddf2\ud835\uddff\ud835\uddff\ud835\uddf2 \ud835\ude00\ud835\uddf6\ud835\uddf4\ud835\uddf6\ud835\uddf9\ud835\uddf9\ud835\uddf2\u0301\ud835\uddf2 C\u2019est le mois d\u2019ao\u00fbt, on pr\u00e9pare son mat\u00e9riel pour la rentr\u00e9e scolaire ! On dirait&hellip;<\/p>\n","protected":false},"author":1,"featured_media":0,"parent":0,"menu_order":0,"comment_status":"closed","ping_status":"closed","template":"","meta":{"footnotes":""},"class_list":["post-474","page","type-page","status-publish","hentry"],"_links":{"self":[{"href":"https:\/\/statioromana.org\/index.php\/wp-json\/wp\/v2\/pages\/474","targetHints":{"allow":["GET"]}}],"collection":[{"href":"https:\/\/statioromana.org\/index.php\/wp-json\/wp\/v2\/pages"}],"about":[{"href":"https:\/\/statioromana.org\/index.php\/wp-json\/wp\/v2\/types\/page"}],"author":[{"embeddable":true,"href":"https:\/\/statioromana.org\/index.php\/wp-json\/wp\/v2\/users\/1"}],"replies":[{"embeddable":true,"href":"https:\/\/statioromana.org\/index.php\/wp-json\/wp\/v2\/comments?post=474"}],"version-history":[{"count":2,"href":"https:\/\/statioromana.org\/index.php\/wp-json\/wp\/v2\/pages\/474\/revisions"}],"predecessor-version":[{"id":842,"href":"https:\/\/statioromana.org\/index.php\/wp-json\/wp\/v2\/pages\/474\/revisions\/842"}],"wp:attachment":[{"href":"https:\/\/statioromana.org\/index.php\/wp-json\/wp\/v2\/media?parent=474"}],"curies":[{"name":"wp","href":"https:\/\/api.w.org\/{rel}","templated":true}]}}