{"id":491,"date":"2024-09-26T17:27:25","date_gmt":"2024-09-26T15:27:25","guid":{"rendered":"https:\/\/statioromana.org\/?page_id=491"},"modified":"2026-05-01T16:54:39","modified_gmt":"2026-05-01T14:54:39","slug":"septembre-2024","status":"publish","type":"page","link":"https:\/\/statioromana.org\/index.php\/septembre-2024\/","title":{"rendered":"Alphabet grav\u00e9"},"content":{"rendered":"\n<p>\ud835\uddd4\ud835\uddf9\ud835\uddfd\ud835\uddf5\ud835\uddee\ud835\uddef\ud835\uddf2\ud835\ude01 \ud835\uddf4\ud835\uddff\ud835\uddee\ud835\ude03\ud835\uddf2\u0301<br>L&rsquo;objet du mois : Septembre 2024<\/p>\n\n\n\n<figure class=\"wp-block-image size-full is-resized\"><img loading=\"lazy\" decoding=\"async\" width=\"448\" height=\"336\" src=\"http:\/\/statioromana.org\/wp-content\/uploads\/2026\/05\/alphabet-grave.jpg\" alt=\"\" class=\"wp-image-876\" style=\"width:481px;height:auto\" srcset=\"https:\/\/statioromana.org\/wp-content\/uploads\/2026\/05\/alphabet-grave.jpg 448w, https:\/\/statioromana.org\/wp-content\/uploads\/2026\/05\/alphabet-grave-300x225.jpg 300w\" sizes=\"auto, (max-width: 448px) 100vw, 448px\" \/><figcaption class=\"wp-element-caption\">Alphabet grav\u00e9<\/figcaption><\/figure>\n\n\n\n<p>En septembre, apr\u00e8s les f\u00eates romaines, c\u2019est la rentr\u00e9e !<\/p>\n\n\n\n<p>Apr\u00e8s avoir pr\u00e9par\u00e9 son mat\u00e9riel, il est temps d\u2019apprendre \u00e0 lire&#8230;<\/p>\n\n\n\n<p>Le mus\u00e9e de Waudrez poss\u00e8de une trace exceptionnelle d\u2019alphab\u00e9tisation \u00e0 l\u2019\u00e9poque romaine. Elle se pr\u00e9sente sous la forme d\u2019un tesson de poterie lustr\u00e9e noire sur lequel on peut lire un graffito trac\u00e9 \u00e0 la pointe s\u00e8che, apr\u00e8s cuisson ; il s\u2019agit d\u2019un alphabet presque complet qui pr\u00e9sente les lettres de F \u00e0 X.<\/p>\n\n\n\n<p>Le tesson sur lequel il est inscrit appartient \u00e0 un type de vase produit dans le courant du IIIe si\u00e8cle ; la fouille du puits de Waudrez, en 1983-1984, a justement livr\u00e9 une grande s\u00e9rie de ces vases.<\/p>\n\n\n\n<p>Selon le corpus des \ud835\ude10\ud835\ude2f\ud835\ude34\ud835\ude24\ud835\ude33\ud835\ude2a\ud835\ude31\ud835\ude35\ud835\ude2a\ud835\ude30\ud835\ude2f\ud835\ude34 \ud835\ude13\ud835\ude22\ud835\ude35\ud835\ude2a\ud835\ude2f\ud835\ude26\ud835\ude34 \ud835\ude25\ud835\ude26 \ud835\ude09\ud835\ude26\ud835\ude2d\ud835\ude28\ud835\ude2a\ud835\ude32\ud835\ude36\ud835\ude26, notre alphabet correspond \u00e0 celui de 21 lettres : de A \u00e0 X.<\/p>\n\n\n\n<p>Si cinq autres ab\u00e9c\u00e9daires complets et deux partiels sont connus en Allemagne, aux Pays-Bas et en France, il semble que notre alphabet grav\u00e9 soit le seul connu et \u00e9tudi\u00e9 en Belgique. Cependant, un deuxi\u00e8me exemplaire in\u00e9dit, qui aurait \u00e9t\u00e9 trouv\u00e9 \u00e0 Yvoir, est signal\u00e9 par le Professeur Raepsaet&#8230; \u00e0 suivre, donc &#8230; (Raepsaet, 2024, p. 18-19).<\/p>\n\n\n\n<p>Notre rare tesson de poterie atteste donc d\u2019un certain niveau d\u2019\u00e9ducation sur le site et d\u2019un apprentissage de la lecture !<\/p>\n\n\n\n<p>Bonne rentr\u00e9e !<\/p>\n\n\n\n<p>R\u00e9f. :<\/p>\n\n\n\n<p>&#8211; Demant A. et Raepsaet-Charlier M.-Th., \ud835\ude10\ud835\ude2f\ud835\ude34\ud835\ude24\ud835\ude33\ud835\ude2a\ud835\ude31\ud835\ude35\ud835\ude2a\ud835\ude30\ud835\ude2f\ud835\ude34 \ud835\ude13\ud835\ude22\ud835\ude35\ud835\ude2a\ud835\ude2f\ud835\ude26\ud835\ude34 \ud835\ude25\ud835\ude26 \ud835\ude09\ud835\ude26\ud835\ude2d\ud835\ude28\ud835\ude2a\ud835\ude32\ud835\ude36\ud835\ude26 (\ud835\ude10\ud835\ude13\ud835\ude09), Bruxelles, \u00c9ditions de l\u2019Universit\u00e9, 1985, sous le n\u00b0 147.<\/p>\n\n\n\n<p>&#8211; Ansieau C., 1990, \u00ab Le vicus gallo-romain de Waudrez : structures arch\u00e9ologiques au nord de la voie antique \u00bb dans \ud835\ude0b\ud835\ude30\ud835\ude24\ud835\ude36\ud835\ude2e\ud835\ude26\ud835\ude2f\ud835\ude35\ud835\ude34 \ud835\ude25\u2019\ud835\ude08\ud835\ude33\ud835\ude24\ud835\ude29\ud835\ude26\u0301\ud835\ude30\ud835\ude2d\ud835\ude30\ud835\ude28\ud835\ude2a\ud835\ude26 \ud835\ude19\ud835\ude26\u0301\ud835\ude28\ud835\ude2a\ud835\ude30\ud835\ude2f\ud835\ude22\ud835\ude2d\ud835\ude26, 3, p. 8-37.<\/p>\n\n\n\n<p>&#8211; Raepsaet G., \ud835\ude0c\u0301\ud835\ude24\ud835\ude33\ud835\ude2a\ud835\ude33\ud835\ude26 \ud835\ude26\ud835\ude2f \ud835\ude0e\ud835\ude22\ud835\ude36\ud835\ude2d\ud835\ude26 \ud835\ude25\ud835\ude36 \ud835\ude15\ud835\ude30\ud835\ude33\ud835\ude25 \ud835\ude22\u0300 \ud835\ude2d\u2019\ud835\ude26\u0301\ud835\ude31\ud835\ude30\ud835\ude32\ud835\ude36\ud835\ude26 \ud835\ude33\ud835\ude30\ud835\ude2e\ud835\ude22\ud835\ude2a\ud835\ude2f\ud835\ude26. \ud835\ude1c\ud835\ude2f\ud835\ude26 \ud835\ude22\ud835\ude2f\ud835\ude35\ud835\ude29\ud835\ude30\ud835\ude2d\ud835\ude30\ud835\ude28\ud835\ude2a\ud835\ude26 \ud835\ude33\ud835\ude22\ud835\ude2a\ud835\ude34\ud835\ude30\ud835\ude2f\ud835\ude2f\ud835\ude26\u0301\ud835\ude26 \ud835\ude26\ud835\ude35 \ud835\ude24\ud835\ude30\ud835\ude2e\ud835\ude2e\ud835\ude26\ud835\ude2f\ud835\ude35\ud835\ude26\u0301\ud835\ude26 \ud835\ude25\ud835\ude26 \ud835\ude28\ud835\ude33\ud835\ude22\ud835\ude27\ud835\ude27\ud835\ude2a\ud835\ude35\ud835\ude2a, \ud835\ude0c\u0301\ud835\ude35\ud835\ude36\ud835\ude25\ud835\ude26\ud835\ude34 \ud835\ude25\u2019\ud835\ude22\ud835\ude33\ud835\ude24\ud835\ude29\ud835\ude26\u0301\ud835\ude30\ud835\ude2d\ud835\ude30\ud835\ude28\ud835\ude2a\ud835\ude26, 21, CR\u00c9A \u2013 Patrimoine, 2024, p.18 et 19).<\/p>\n\n\n\n<p><a href=\"https:\/\/www.facebook.com\/photo\/?fbid=1038859988246424&amp;set=a.484502050348890&amp;__cft__[0]=AZU1OasvZlw68vjW17Mo2ptPJkFbm1wvZ9hJbfuLwLMz_YF6JjrEHhmrC_WQb2D3Dzfw9aeMBf2raRLW2fk8hmeDOIXD5LcbWwfDGYJoPZ-mIJkCCCj5ZkMSa-2oPiiKiIDB3sZATyIvDTguiO5V_X7rBWMVVaWef4wRHqXJaGEFRg&amp;__tn__=EH-R\"><\/a><\/p>\n\n\n\n<p><\/p>\n","protected":false},"excerpt":{"rendered":"<p>\ud835\uddd4\ud835\uddf9\ud835\uddfd\ud835\uddf5\ud835\uddee\ud835\uddef\ud835\uddf2\ud835\ude01 \ud835\uddf4\ud835\uddff\ud835\uddee\ud835\ude03\ud835\uddf2\u0301L&rsquo;objet du mois : Septembre 2024 En septembre, apr\u00e8s les f\u00eates romaines, c\u2019est la rentr\u00e9e ! Apr\u00e8s avoir pr\u00e9par\u00e9 son mat\u00e9riel, il est temps&hellip;<\/p>\n","protected":false},"author":1,"featured_media":0,"parent":0,"menu_order":0,"comment_status":"closed","ping_status":"closed","template":"","meta":{"footnotes":""},"class_list":["post-491","page","type-page","status-publish","hentry"],"_links":{"self":[{"href":"https:\/\/statioromana.org\/index.php\/wp-json\/wp\/v2\/pages\/491","targetHints":{"allow":["GET"]}}],"collection":[{"href":"https:\/\/statioromana.org\/index.php\/wp-json\/wp\/v2\/pages"}],"about":[{"href":"https:\/\/statioromana.org\/index.php\/wp-json\/wp\/v2\/types\/page"}],"author":[{"embeddable":true,"href":"https:\/\/statioromana.org\/index.php\/wp-json\/wp\/v2\/users\/1"}],"replies":[{"embeddable":true,"href":"https:\/\/statioromana.org\/index.php\/wp-json\/wp\/v2\/comments?post=491"}],"version-history":[{"count":3,"href":"https:\/\/statioromana.org\/index.php\/wp-json\/wp\/v2\/pages\/491\/revisions"}],"predecessor-version":[{"id":881,"href":"https:\/\/statioromana.org\/index.php\/wp-json\/wp\/v2\/pages\/491\/revisions\/881"}],"wp:attachment":[{"href":"https:\/\/statioromana.org\/index.php\/wp-json\/wp\/v2\/media?parent=491"}],"curies":[{"name":"wp","href":"https:\/\/api.w.org\/{rel}","templated":true}]}}