{"id":566,"date":"2025-01-15T20:21:57","date_gmt":"2025-01-15T19:21:57","guid":{"rendered":"https:\/\/statioromana.org\/?page_id=566"},"modified":"2026-05-01T14:37:49","modified_gmt":"2026-05-01T12:37:49","slug":"janvier-2025","status":"publish","type":"page","link":"https:\/\/statioromana.org\/index.php\/janvier-2025\/","title":{"rendered":"Bol en terre sigill\u00e9e"},"content":{"rendered":"\n<p class=\"has-luminous-vivid-orange-color has-text-color has-link-color has-medium-font-size wp-elements-d272bce8830e994db9f256838f1c3a91\">L&rsquo;objet du mois : Janvier 2025<br>Bol en terre sigill\u00e9e d\u00e9cor\u00e9 et sign\u00e9 (forme Drag.37)<\/p>\n\n\n\n<p class=\"has-text-align-center has-luminous-vivid-orange-color has-text-color has-link-color has-medium-font-size wp-elements-c0cf30a7cb7e78ceb96700db50552f16\"><img loading=\"lazy\" decoding=\"async\" width=\"500\" height=\"335\" class=\"wp-image-575\" style=\"width: 500px;\" src=\"http:\/\/statioromana.org\/wp-content\/uploads\/2025\/01\/01-janvier.jpg\" alt=\"\" srcset=\"https:\/\/statioromana.org\/wp-content\/uploads\/2025\/01\/01-janvier.jpg 2263w, https:\/\/statioromana.org\/wp-content\/uploads\/2025\/01\/01-janvier-300x201.jpg 300w, https:\/\/statioromana.org\/wp-content\/uploads\/2025\/01\/01-janvier-1024x686.jpg 1024w, https:\/\/statioromana.org\/wp-content\/uploads\/2025\/01\/01-janvier-768x514.jpg 768w, https:\/\/statioromana.org\/wp-content\/uploads\/2025\/01\/01-janvier-1536x1029.jpg 1536w, https:\/\/statioromana.org\/wp-content\/uploads\/2025\/01\/01-janvier-2048x1372.jpg 2048w\" sizes=\"auto, (max-width: 500px) 100vw, 500px\" \/><\/p>\n\n\n\n<p class=\"has-luminous-vivid-orange-color has-text-color has-link-color has-medium-font-size wp-elements-52816537da725ec773af26faefba5d8d\"><strong>Ce bol de grande dimension est pratiquement complet. Il porte l\u2019estampille du potier cach\u00e9e dans le<br>d\u00e9cor moul\u00e9 ce qui est assez rare et en plus \u00e9crite \u00e0 l\u2019envers \u00ab&nbsp;SVNVBIRT&nbsp;\u00bb.<br>Il s\u2019agit du potier TRIBVNVS qui a travaill\u00e9 en Argonne de 140 \u00e0 170\/180 ap. J.-C.<br>La forme porte le num\u00e9ro 37 dans la typologie \u00e9tablie par Hans Dragendorff qui est le premier \u00e0 avoir<br>class\u00e9 les c\u00e9ramiques sigill\u00e9es. On l\u2019appelle bol mais dans notre cas, on pourrait parler de plat \u00e0 haut<br>bord ou fruitier.<br>Le d\u00e9cor moul\u00e9 qui couvre deux tiers de la panse et le vernis sont de belle qualit\u00e9. L\u2019exemplaire de<br>Waudrez pr\u00e9sente une diff\u00e9rence avec les tr\u00e8s nombreux Drag. 37 fabriqu\u00e9s en s\u00e9rie car au lieu de<br>mettre une frise d\u2019oves comme bandeau d\u00e9coratif sup\u00e9rieur, le potier a pr\u00e9f\u00e9r\u00e9 une rang\u00e9e de trifols<br>se terminant en pointe vers le bas et soulign\u00e9e par un cordon trembl\u00e9 (= en zig-zag).<br>L\u2019organisation du d\u00e9cor est d\u00e9coup\u00e9e en trois panneaux appel\u00e9s m\u00e9topes d\u00e9limit\u00e9s par des cordons<br>trembl\u00e9s et r\u00e9p\u00e9t\u00e9s soit trois soit quatre fois.<br>La plupart des poin\u00e7ons figuratifs, sont emprunt\u00e9s au monde animal&nbsp;et v\u00e9g\u00e9tal : sanglier galopant,<br>cervid\u00e9, chiens, lion, rosette, trifols. \u00c0 c\u00f4t\u00e9 de ceux-ci, on trouve le masque d\u2019un homme barbu vu de<br>face, \u00e0 l&rsquo;int\u00e9rieur d&rsquo;une double arcade se terminant \u00e0 chaque extr\u00e9mit\u00e9 par un enroulement.<br>Si la signature ne se trouvait pas dans le d\u00e9cor, on aurait pu identifier Tribunus car une majorit\u00e9 des<br>poin\u00e7ons lui est attribu\u00e9e ou \u00e0 son atelier. Son estampille dans le d\u00e9cor en fait un vase de r\u00e9f\u00e9rence<br>car elle atteste bien de leur utilisation par ce potier&nbsp;; leur association permet d\u2019affiner la datation au<br>3 e quart du IIe si\u00e8cle.<br>R\u00e9f.&nbsp;: Ansieau C., 1990, Le vicus gallo-romain de Waudrez&nbsp;: structures arch\u00e9ologiques au nord de la<br>voie antique dans Documents d\u2019Arch\u00e9ologie R\u00e9gionale, 3, p. 8-37 et Hanut Fr. et Capers P., avec la<br>collaboration de C\u00e9cile Ansieau, 2003, Un puits \u00e0 comblement cultuel gallo-romain du vicus de<br>Waudrez Vodgoriacum (Hainaut, Belgique)&nbsp;: \u00e9tude du mat\u00e9riel arch\u00e9ologique et interpr\u00e9tation<br>chronologique dans Vie Arch\u00e9ologique, n\u00b0 60, p. 27.<\/strong><\/p>\n","protected":false},"excerpt":{"rendered":"<p>L&rsquo;objet du mois : Janvier 2025Bol en terre sigill\u00e9e d\u00e9cor\u00e9 et sign\u00e9 (forme Drag.37) Ce bol de grande dimension est pratiquement complet. Il porte l\u2019estampille&hellip;<\/p>\n","protected":false},"author":1,"featured_media":0,"parent":0,"menu_order":0,"comment_status":"closed","ping_status":"closed","template":"","meta":{"footnotes":""},"class_list":["post-566","page","type-page","status-publish","hentry"],"_links":{"self":[{"href":"https:\/\/statioromana.org\/index.php\/wp-json\/wp\/v2\/pages\/566","targetHints":{"allow":["GET"]}}],"collection":[{"href":"https:\/\/statioromana.org\/index.php\/wp-json\/wp\/v2\/pages"}],"about":[{"href":"https:\/\/statioromana.org\/index.php\/wp-json\/wp\/v2\/types\/page"}],"author":[{"embeddable":true,"href":"https:\/\/statioromana.org\/index.php\/wp-json\/wp\/v2\/users\/1"}],"replies":[{"embeddable":true,"href":"https:\/\/statioromana.org\/index.php\/wp-json\/wp\/v2\/comments?post=566"}],"version-history":[{"count":5,"href":"https:\/\/statioromana.org\/index.php\/wp-json\/wp\/v2\/pages\/566\/revisions"}],"predecessor-version":[{"id":847,"href":"https:\/\/statioromana.org\/index.php\/wp-json\/wp\/v2\/pages\/566\/revisions\/847"}],"wp:attachment":[{"href":"https:\/\/statioromana.org\/index.php\/wp-json\/wp\/v2\/media?parent=566"}],"curies":[{"name":"wp","href":"https:\/\/api.w.org\/{rel}","templated":true}]}}