{"id":652,"date":"2025-07-04T09:08:21","date_gmt":"2025-07-04T07:08:21","guid":{"rendered":"https:\/\/statioromana.org\/?page_id=652"},"modified":"2025-07-04T09:58:09","modified_gmt":"2025-07-04T07:58:09","slug":"juillet-2025","status":"publish","type":"page","link":"https:\/\/statioromana.org\/index.php\/juillet-2025\/","title":{"rendered":"Juillet 2025"},"content":{"rendered":"\n<p class=\"has-text-color has-link-color has-medium-font-size wp-elements-a3aecf966ad3e7cc544b1e4a84b49825\" style=\"color:#ab6106\"><strong>Poign\u00e9e de porte delphiniforme<\/strong><\/p>\n\n\n\n<figure class=\"wp-block-image size-large\"><img loading=\"lazy\" decoding=\"async\" width=\"1024\" height=\"431\" src=\"https:\/\/statioromana.org\/wp-content\/uploads\/2025\/07\/image-1024x431.png\" alt=\"\" class=\"wp-image-653\" srcset=\"https:\/\/statioromana.org\/wp-content\/uploads\/2025\/07\/image-1024x431.png 1024w, https:\/\/statioromana.org\/wp-content\/uploads\/2025\/07\/image-300x126.png 300w, https:\/\/statioromana.org\/wp-content\/uploads\/2025\/07\/image-768x323.png 768w, https:\/\/statioromana.org\/wp-content\/uploads\/2025\/07\/image.png 1144w\" sizes=\"auto, (max-width: 1024px) 100vw, 1024px\" \/><\/figure>\n\n\n\n<p class=\"has-text-color has-link-color has-medium-font-size wp-elements-cc9ebe8327a9c817b439ad1864c3adc0\" style=\"color:#ab6106;font-style:normal;font-weight:700\">&nbsp;Avec le mois de juillet et les vacances, nous vous proposons de prendre le large en pr\u00e9sentant des dauphins pr\u00e9sents sous la forme d\u2019une poign\u00e9e de coffre dans une vitrine du mus\u00e9e.<\/p>\n\n\n\n<p class=\"has-text-color has-link-color has-medium-font-size wp-elements-321c7ac3c9cc45940d09dd52265d9713\" style=\"color:#ab6106;font-style:normal;font-weight:700\">Deux dauphins stylis\u00e9s sont affront\u00e9s&nbsp;; leurs becs \u2013 ou rostres \u2013 sont ouverts et reli\u00e9s par une conque et une sph\u00e8re. Les yeux sont l\u00e9g\u00e8rement marqu\u00e9s et la queue est d\u00e9velopp\u00e9e en large feuille trilob\u00e9e. Le revers de la poign\u00e9e, en alliage de cuivre, est r\u00e9alis\u00e9 en creux. Deux plaques circulaires moulur\u00e9es sont encore fix\u00e9es \u00e0 la poign\u00e9e par des tenons.<\/p>\n\n\n\n<p class=\"has-text-color has-link-color has-medium-font-size wp-elements-9763b1c204ed85fee463c488b38e97af\" style=\"color:#ab6106;font-style:normal;font-weight:700\">Celle-ci a d\u00fb servir pour un important coffret vu les dimensions de la poign\u00e9e elle-m\u00eame longue de 18 cm.<\/p>\n\n\n\n<p class=\"has-text-color has-link-color has-medium-font-size wp-elements-ebad5cdef5816022024d51aacd378365\" style=\"color:#ab6106;font-style:normal;font-weight:700\">Notre poign\u00e9e delphiniforme a \u00e9t\u00e9 d\u00e9couverte dans la \u00ab&nbsp;Fosse Gallien&nbsp;\u00bb, fouill\u00e9e par Dominique De Gennaro et qui a servi de d\u00e9p\u00f4t d\u2019objets m\u00e9talliques cass\u00e9s en fer et en alliage de cuivre en vue d\u2019\u00eatre recycl\u00e9s. Une autre poign\u00e9e avec deux dauphins mais l\u00e9g\u00e8rement diff\u00e9rente \u00e9tait pr\u00e9sente dans la m\u00eame fosse, nous en parlerons une prochaine fois.<\/p>\n\n\n\n<p class=\"has-text-color has-link-color has-medium-font-size wp-elements-efaa7fb77e8fa0bd690d52d5be543296\" style=\"color:#ab6106;font-style:normal;font-weight:700\">De nombreuses poign\u00e9es de ce type ont \u00e9t\u00e9 retrouv\u00e9es dans nos r\u00e9gions. De m\u00eame, le th\u00e8me du dauphin est d\u00e9clin\u00e9 dans l\u2019art romain sous de nombreuses formes&nbsp;: poign\u00e9es de porte, fibules, pi\u00e8ces de harnachement, en pierre sculpt\u00e9e \u00e9galement.<\/p>\n\n\n\n<p class=\"has-text-color has-link-color has-medium-font-size wp-elements-4b7f1b7d77f8b678f72a7d85c62bbfda\" style=\"color:#ab6106;font-style:normal;font-weight:700\">Cette poign\u00e9e, fort peu pratique \u00e0 tenir, a vraisemblablement une connotation symbolique et il est tentant d\u2019y voir une \u00e9vocation du cort\u00e8ge marin li\u00e9 \u00e0 la d\u00e9esse V\u00e9nus&nbsp;dont le culte est r\u00e9pandu en Gaule.<\/p>\n\n\n\n<p class=\"has-text-color has-link-color has-medium-font-size wp-elements-c3bacd537029ec0d33d45b7ca1914cd1\" style=\"color:#ab6106;font-style:normal;font-weight:700\">D\u2019autres poign\u00e9es de coffre, en alliage de cuivre, \u00e0 \u00e9vocation symbolique sont pr\u00e9sentes dans la collection du mus\u00e9e gallo-romain de Waudrez. Venez les d\u00e9couvrir&nbsp;!<\/p>\n\n\n\n<p class=\"has-text-color has-link-color has-medium-font-size wp-elements-cfe0c025526a985b19e253d28886ab6b\" style=\"color:#ab6106;font-style:normal;font-weight:700\">R\u00e9f.&nbsp;:<\/p>\n\n\n\n<p class=\"has-text-color has-link-color has-medium-font-size wp-elements-d478611e5f133a6ffe193987b7a47a2f\" style=\"color:#ab6106;font-style:normal;font-weight:700\">Faider-Feytmans, G., <em>Les bronzes romains de Belgique<\/em>, vol. I et II (Textes et planches), Mainz, 1979.<\/p>\n\n\n\n<p class=\"has-text-color has-link-color has-medium-font-size wp-elements-04426f53b24adce8ad3afccd53da3567\" style=\"color:#ab6106;font-style:normal;font-weight:700\">Massart. Cl. et Dekegel Ph., 1983, T<em>rouvailles anciennes provenant du vicus de Waudrez (collection de Gennaro)<\/em>, Documents du Cercle arch\u00e9ologique de Waudrez, I., p. 17 et 18.<\/p>\n\n\n\n<p class=\"has-text-color has-link-color has-medium-font-size wp-elements-0b0b127dab375fa9c2ab68ef5b9595df\" style=\"color:#ab6106\"><\/p>\n","protected":false},"excerpt":{"rendered":"<p>Poign\u00e9e de porte delphiniforme &nbsp;Avec le mois de juillet et les vacances, nous vous proposons de prendre le large en pr\u00e9sentant des dauphins pr\u00e9sents sous&hellip;<\/p>\n","protected":false},"author":1,"featured_media":0,"parent":0,"menu_order":0,"comment_status":"closed","ping_status":"closed","template":"","meta":{"footnotes":""},"class_list":["post-652","page","type-page","status-publish","hentry"],"_links":{"self":[{"href":"https:\/\/statioromana.org\/index.php\/wp-json\/wp\/v2\/pages\/652","targetHints":{"allow":["GET"]}}],"collection":[{"href":"https:\/\/statioromana.org\/index.php\/wp-json\/wp\/v2\/pages"}],"about":[{"href":"https:\/\/statioromana.org\/index.php\/wp-json\/wp\/v2\/types\/page"}],"author":[{"embeddable":true,"href":"https:\/\/statioromana.org\/index.php\/wp-json\/wp\/v2\/users\/1"}],"replies":[{"embeddable":true,"href":"https:\/\/statioromana.org\/index.php\/wp-json\/wp\/v2\/comments?post=652"}],"version-history":[{"count":3,"href":"https:\/\/statioromana.org\/index.php\/wp-json\/wp\/v2\/pages\/652\/revisions"}],"predecessor-version":[{"id":657,"href":"https:\/\/statioromana.org\/index.php\/wp-json\/wp\/v2\/pages\/652\/revisions\/657"}],"wp:attachment":[{"href":"https:\/\/statioromana.org\/index.php\/wp-json\/wp\/v2\/media?parent=652"}],"curies":[{"name":"wp","href":"https:\/\/api.w.org\/{rel}","templated":true}]}}