{"id":675,"date":"2025-08-25T20:53:27","date_gmt":"2025-08-25T18:53:27","guid":{"rendered":"https:\/\/statioromana.org\/?page_id=675"},"modified":"2025-08-25T20:56:34","modified_gmt":"2025-08-25T18:56:34","slug":"aout-2025","status":"publish","type":"page","link":"https:\/\/statioromana.org\/index.php\/aout-2025\/","title":{"rendered":"Aout 2025"},"content":{"rendered":"\n<p class=\"has-text-color has-link-color has-medium-font-size wp-elements-dcbf77d8e3da08b2c14ea1e3ff3440b7\" style=\"color:#ab6106;font-style:normal;font-weight:600\">\ud835\udddf\u2019\ud835\udde2\ud835\uddef\ud835\uddf7\ud835\uddf2\ud835\ude01 \ud835\uddf1\ud835\ude02 \ud835\uddfa\ud835\uddfc\ud835\uddf6\ud835\ude00, \ud835\uddee\ud835\uddfc\ud835\ude02\u0302\ud835\ude01 \ud835\udfee\ud835\udfec\ud835\udfee\ud835\udff1.<\/p>\n\n\n\n<p class=\"has-text-color has-link-color has-medium-font-size wp-elements-69f2a5ba557545adb8882167875df20d\" style=\"color:#ab6106;font-style:normal;font-weight:600\">\ud835\udde7\ud835\uddee\ud835\ude00\ud835\ude00\ud835\uddf2 \ud835\uddf2\ud835\uddfb \ud835\ude01\ud835\uddf2\ud835\uddff\ud835\uddff\ud835\uddf2 \ud835\ude00<a><\/a>\ud835\uddf6\ud835\uddf4\ud835\uddf6\ud835\uddf9\ud835\uddf9\ud835\uddf2\u0301\ud835\uddf2 (\ud835\uddf3\ud835\uddfc\ud835\uddff\ud835\uddfa\ud835\uddf2 \ud835\uddd7\ud835\uddff\ud835\uddee\ud835\uddf4.\ud835\udfef\ud835\udfef)<\/p>\n\n\n\n<figure class=\"wp-block-image size-large\"><img loading=\"lazy\" decoding=\"async\" width=\"1024\" height=\"769\" src=\"https:\/\/statioromana.org\/wp-content\/uploads\/2025\/08\/image-2-1024x769.png\" alt=\"\" class=\"wp-image-676\" srcset=\"https:\/\/statioromana.org\/wp-content\/uploads\/2025\/08\/image-2-1024x769.png 1024w, https:\/\/statioromana.org\/wp-content\/uploads\/2025\/08\/image-2-300x225.png 300w, https:\/\/statioromana.org\/wp-content\/uploads\/2025\/08\/image-2-768x577.png 768w, https:\/\/statioromana.org\/wp-content\/uploads\/2025\/08\/image-2-1536x1153.png 1536w, https:\/\/statioromana.org\/wp-content\/uploads\/2025\/08\/image-2.png 2046w\" sizes=\"auto, (max-width: 1024px) 100vw, 1024px\" \/><\/figure>\n\n\n\n<p class=\"has-text-color has-link-color has-medium-font-size wp-elements-e9904b27dd9f3206b0d604aaa872bf58\" style=\"color:#ab6106;font-style:normal;font-weight:500\">Cette tasse pratiquement compl\u00e8te pr\u00e9sente une paroi \u00e9paisse concave avec un sillon en son centre. Le revers de la l\u00e8vre est soulign\u00e9 par un ressaut et une estampille difficilement interpr\u00e9table se trouve au centre du fond IVIVV (avec point au centre du deuxi\u00e8me V).<\/p>\n\n\n\n<p class=\"has-text-color has-link-color has-medium-font-size wp-elements-58a306ab6ab34252b724d0319f6b1cbd\" style=\"color:#ab6106;font-style:normal;font-weight:500\">Elle fait partie du lot de c\u00e9ramiques compl\u00e8tes et remarquables issues du remplissage du puits, celle-ci \u00e9tait \u00e0 -8,60 m. D\u2019autres tasses du m\u00eame type et d\u2019autres formes bien connues du r\u00e9pertoire de vaisselle de table en c\u00e9ramique sigill\u00e9e s\u2019y retrouvent tel que le bol d\u00e9cor\u00e9 et sign\u00e9, objet du mois de janvier.<\/p>\n\n\n\n<p class=\"has-text-color has-link-color has-medium-font-size wp-elements-1c87cf6c0f065821b703f09b359df88a\" style=\"color:#ab6106;font-style:normal;font-weight:500\">Cette tasse a \u00e9t\u00e9 choisie pour \u00eatre expos\u00e9e dans l\u2019exposition temporaire \u00ab La bi\u00e8re : culture et traditions \u00bb qui se tient en ce moment au ch\u00e2teau de Boussu.<\/p>\n\n\n\n<p class=\"has-text-color has-link-color has-medium-font-size wp-elements-0dceb2963e68dac2bea5a740d364ccd9\" style=\"color:#ab6106;font-style:normal;font-weight:500\">Ses semblables sont visibles dans les vitrines du Mus\u00e9e gallo-romain de Waudrez ; venez les d\u00e9couvrir !<\/p>\n\n\n\n<p class=\"has-text-color has-link-color has-medium-font-size wp-elements-c63f306485d49e33e1ffc6ebeee92269\" style=\"color:#ab6106;font-style:normal;font-weight:500\">R\u00e9f. :<\/p>\n\n\n\n<p class=\"has-text-color has-link-color has-medium-font-size wp-elements-77867fd303ece15169cb47eaae70fd7d\" style=\"color:#ab6106;font-style:normal;font-weight:500\">&#8211; Ansieau C., 1990, \u00ab Le vicus gallo-romain de Waudrez : structures arch\u00e9ologiques au nord de la voie antique \u00bb, dans \ud835\ude0b\ud835\ude30\ud835\ude24\ud835\ude36\ud835\ude2e\ud835\ude26\ud835\ude2f\ud835\ude35\ud835\ude34 \ud835\ude25\u2019\ud835\ude08\ud835\ude33\ud835\ude24\ud835\ude29\ud835\ude26\u0301\ud835\ude30\ud835\ude2d\ud835\ude30\ud835\ude28\ud835\ude2a\ud835\ude26 \ud835\ude19\ud835\ude26\u0301\ud835\ude28\ud835\ude2a\ud835\ude30\ud835\ude2f\ud835\ude22\ud835\ude2d\ud835\ude26, 3, pp. 30-31.<\/p>\n\n\n\n<p class=\"has-text-color has-link-color has-medium-font-size wp-elements-fa4efd9ff58ca3d33fe7fc489bfade00\" style=\"color:#ab6106;font-style:normal;font-weight:500\">&#8211; Hanut Fr. et Capers P., avec la collaboration de C\u00e9cile Ansieau, 2003, \u00ab Un puits \u00e0 comblement cultuel gallo-romain du vicus de Waudrez Vodgoriacum (Hainaut, Belgique) : \u00e9tude du mat\u00e9riel arch\u00e9ologique et interpr\u00e9tation chronologique \u00bb, dans \ud835\ude1d\ud835\ude2a\ud835\ude26 \ud835\ude08\ud835\ude33\ud835\ude24\ud835\ude29\ud835\ude26\u0301\ud835\ude30\ud835\ude2d\ud835\ude30\ud835\ude28\ud835\ude2a\ud835\ude32\ud835\ude36\ud835\ude26, n\u00b0 60, pp. 30-31.<\/p>\n","protected":false},"excerpt":{"rendered":"<p>\ud835\udddf\u2019\ud835\udde2\ud835\uddef\ud835\uddf7\ud835\uddf2\ud835\ude01 \ud835\uddf1\ud835\ude02 \ud835\uddfa\ud835\uddfc\ud835\uddf6\ud835\ude00, \ud835\uddee\ud835\uddfc\ud835\ude02\u0302\ud835\ude01 \ud835\udfee\ud835\udfec\ud835\udfee\ud835\udff1. \ud835\udde7\ud835\uddee\ud835\ude00\ud835\ude00\ud835\uddf2 \ud835\uddf2\ud835\uddfb \ud835\ude01\ud835\uddf2\ud835\uddff\ud835\uddff\ud835\uddf2 \ud835\ude00\ud835\uddf6\ud835\uddf4\ud835\uddf6\ud835\uddf9\ud835\uddf9\ud835\uddf2\u0301\ud835\uddf2 (\ud835\uddf3\ud835\uddfc\ud835\uddff\ud835\uddfa\ud835\uddf2 \ud835\uddd7\ud835\uddff\ud835\uddee\ud835\uddf4.\ud835\udfef\ud835\udfef) Cette tasse pratiquement compl\u00e8te pr\u00e9sente une paroi \u00e9paisse concave avec un sillon en son&hellip;<\/p>\n","protected":false},"author":1,"featured_media":0,"parent":0,"menu_order":0,"comment_status":"closed","ping_status":"closed","template":"","meta":{"footnotes":""},"class_list":["post-675","page","type-page","status-publish","hentry"],"_links":{"self":[{"href":"https:\/\/statioromana.org\/index.php\/wp-json\/wp\/v2\/pages\/675","targetHints":{"allow":["GET"]}}],"collection":[{"href":"https:\/\/statioromana.org\/index.php\/wp-json\/wp\/v2\/pages"}],"about":[{"href":"https:\/\/statioromana.org\/index.php\/wp-json\/wp\/v2\/types\/page"}],"author":[{"embeddable":true,"href":"https:\/\/statioromana.org\/index.php\/wp-json\/wp\/v2\/users\/1"}],"replies":[{"embeddable":true,"href":"https:\/\/statioromana.org\/index.php\/wp-json\/wp\/v2\/comments?post=675"}],"version-history":[{"count":2,"href":"https:\/\/statioromana.org\/index.php\/wp-json\/wp\/v2\/pages\/675\/revisions"}],"predecessor-version":[{"id":680,"href":"https:\/\/statioromana.org\/index.php\/wp-json\/wp\/v2\/pages\/675\/revisions\/680"}],"wp:attachment":[{"href":"https:\/\/statioromana.org\/index.php\/wp-json\/wp\/v2\/media?parent=675"}],"curies":[{"name":"wp","href":"https:\/\/api.w.org\/{rel}","templated":true}]}}