{"id":883,"date":"2026-05-01T17:11:23","date_gmt":"2026-05-01T15:11:23","guid":{"rendered":"https:\/\/statioromana.org\/?page_id=883"},"modified":"2026-05-01T17:21:38","modified_gmt":"2026-05-01T15:21:38","slug":"produits-du-vodgoriacum","status":"publish","type":"page","link":"https:\/\/statioromana.org\/index.php\/produits-du-vodgoriacum\/","title":{"rendered":"Produits du Vodgoriacum"},"content":{"rendered":"\n<p>Les produits du Vodgoriacum disponibles au mus\u00e9e&#8230;<\/p>\n\n\n\n<p><strong>La cervoise du Vodgoriacum<\/strong><br>La \u00ab\u00a0Cervoise du Vodforiacum\u00a0\u00bb est une bi\u00e8re de fermentation haute.<br>La cervoise est brass\u00e9e \u00e0 partir d&rsquo;une eau extr\u00eamement pure, moyennement charg\u00e9e en sel , et dont la source jaillit sous la brasserie.<\/p>\n\n\n\n<p>Les malts et houblons utilis\u00e9s sont de toute  premier cjhoix<\/p>\n","protected":false},"excerpt":{"rendered":"<p>Les produits du Vodgoriacum disponibles au mus\u00e9e&#8230; La cervoise du VodgoriacumLa \u00ab\u00a0Cervoise du Vodforiacum\u00a0\u00bb est une bi\u00e8re de fermentation haute.La cervoise est brass\u00e9e \u00e0 partir&hellip;<\/p>\n","protected":false},"author":2,"featured_media":0,"parent":0,"menu_order":0,"comment_status":"closed","ping_status":"closed","template":"","meta":{"footnotes":""},"class_list":["post-883","page","type-page","status-publish","hentry"],"_links":{"self":[{"href":"https:\/\/statioromana.org\/index.php\/wp-json\/wp\/v2\/pages\/883","targetHints":{"allow":["GET"]}}],"collection":[{"href":"https:\/\/statioromana.org\/index.php\/wp-json\/wp\/v2\/pages"}],"about":[{"href":"https:\/\/statioromana.org\/index.php\/wp-json\/wp\/v2\/types\/page"}],"author":[{"embeddable":true,"href":"https:\/\/statioromana.org\/index.php\/wp-json\/wp\/v2\/users\/2"}],"replies":[{"embeddable":true,"href":"https:\/\/statioromana.org\/index.php\/wp-json\/wp\/v2\/comments?post=883"}],"version-history":[{"count":2,"href":"https:\/\/statioromana.org\/index.php\/wp-json\/wp\/v2\/pages\/883\/revisions"}],"predecessor-version":[{"id":890,"href":"https:\/\/statioromana.org\/index.php\/wp-json\/wp\/v2\/pages\/883\/revisions\/890"}],"wp:attachment":[{"href":"https:\/\/statioromana.org\/index.php\/wp-json\/wp\/v2\/media?parent=883"}],"curies":[{"name":"wp","href":"https:\/\/api.w.org\/{rel}","templated":true}]}}