{"id":92,"date":"2024-06-03T13:18:25","date_gmt":"2024-06-03T11:18:25","guid":{"rendered":"http:\/\/statioromana.org\/?page_id=92"},"modified":"2024-07-24T21:31:15","modified_gmt":"2024-07-24T19:31:15","slug":"produits","status":"publish","type":"page","link":"https:\/\/statioromana.org\/index.php\/produits\/","title":{"rendered":"Produits"},"content":{"rendered":"\n<p><strong>Les produits du Vodgoriacum&#8230;<\/strong><\/p>\n\n\n\n<div class=\"wp-block-columns is-layout-flex wp-container-core-columns-is-layout-9d6595d7 wp-block-columns-is-layout-flex\">\n<div class=\"wp-block-column is-layout-flow wp-block-column-is-layout-flow\" style=\"flex-basis:33.33%\">\n<p><\/p>\n\n\n\n<p><\/p>\n\n\n\n<p><\/p>\n\n\n\n<p><\/p>\n\n\n\n<p class=\"has-text-align-center\"><strong><em>CERVOISE BLONDE<br><\/em><\/strong>(4 x de 33 cl)<\/p>\n\n\n\n<p class=\"has-text-align-center\">8.40 \u20ac + 0.60<\/p>\n<\/div>\n\n\n\n<div class=\"wp-block-column is-layout-flow wp-block-column-is-layout-flow\" style=\"flex-basis:66.66%\"><div class=\"wp-block-image\">\n<figure class=\"aligncenter size-large is-resized\"><img loading=\"lazy\" decoding=\"async\" width=\"744\" height=\"1024\" src=\"https:\/\/statioromana.org\/wp-content\/uploads\/2024\/07\/DSC_0696-744x1024.jpg\" alt=\"\" class=\"wp-image-423\" style=\"width:412px;height:auto\" srcset=\"https:\/\/statioromana.org\/wp-content\/uploads\/2024\/07\/DSC_0696-744x1024.jpg 744w, https:\/\/statioromana.org\/wp-content\/uploads\/2024\/07\/DSC_0696-218x300.jpg 218w, https:\/\/statioromana.org\/wp-content\/uploads\/2024\/07\/DSC_0696-768x1057.jpg 768w, https:\/\/statioromana.org\/wp-content\/uploads\/2024\/07\/DSC_0696-1116x1536.jpg 1116w, https:\/\/statioromana.org\/wp-content\/uploads\/2024\/07\/DSC_0696-1488x2048.jpg 1488w, https:\/\/statioromana.org\/wp-content\/uploads\/2024\/07\/DSC_0696-scaled.jpg 1860w\" sizes=\"auto, (max-width: 744px) 100vw, 744px\" \/><\/figure>\n<\/div><\/div>\n<\/div>\n\n\n\n<div class=\"wp-block-columns is-layout-flex wp-container-core-columns-is-layout-9d6595d7 wp-block-columns-is-layout-flex\">\n<div class=\"wp-block-column is-layout-flow wp-block-column-is-layout-flow\" style=\"flex-basis:33.33%\">\n<p><\/p>\n\n\n\n<p><\/p>\n\n\n\n<p><\/p>\n\n\n\n<p><\/p>\n\n\n\n<p class=\"has-text-align-center\"><strong>CERVOISE BRUNE<\/strong><br>(bouteille de 75 cl)<\/p>\n\n\n\n<p class=\"has-text-align-center\">5.00 \u20ac + 0.20<\/p>\n<\/div>\n\n\n\n<div class=\"wp-block-column is-layout-flow wp-block-column-is-layout-flow\" style=\"flex-basis:66.66%\"><div class=\"wp-block-image\">\n<figure class=\"aligncenter size-large is-resized\"><img loading=\"lazy\" decoding=\"async\" width=\"380\" height=\"1024\" src=\"https:\/\/statioromana.org\/wp-content\/uploads\/2024\/07\/DSC_0701-380x1024.jpg\" alt=\"\" class=\"wp-image-431\" style=\"width:261px;height:auto\" srcset=\"https:\/\/statioromana.org\/wp-content\/uploads\/2024\/07\/DSC_0701-380x1024.jpg 380w, https:\/\/statioromana.org\/wp-content\/uploads\/2024\/07\/DSC_0701-111x300.jpg 111w, https:\/\/statioromana.org\/wp-content\/uploads\/2024\/07\/DSC_0701-768x2071.jpg 768w, https:\/\/statioromana.org\/wp-content\/uploads\/2024\/07\/DSC_0701-570x1536.jpg 570w, https:\/\/statioromana.org\/wp-content\/uploads\/2024\/07\/DSC_0701-759x2048.jpg 759w, https:\/\/statioromana.org\/wp-content\/uploads\/2024\/07\/DSC_0701-scaled.jpg 949w\" sizes=\"auto, (max-width: 380px) 100vw, 380px\" \/><\/figure>\n<\/div><\/div>\n<\/div>\n\n\n\n<p><\/p>\n\n\n\n<div class=\"wp-block-columns is-layout-flex wp-container-core-columns-is-layout-9d6595d7 wp-block-columns-is-layout-flex\">\n<div class=\"wp-block-column is-layout-flow wp-block-column-is-layout-flow\" style=\"flex-basis:33.33%\">\n<p><\/p>\n\n\n\n<p><\/p>\n\n\n\n<p><\/p>\n\n\n\n<p><\/p>\n\n\n\n<p class=\"has-text-align-center\"><strong><em>VALISETTE DE CERVOISE BRUNE<\/em><\/strong><br>(3 bouteilles de 75 cl)<br>14.00 \u20ac + 0.60<\/p>\n<\/div>\n\n\n\n<div class=\"wp-block-column is-layout-flow wp-block-column-is-layout-flow\" style=\"flex-basis:66.66%\"><div class=\"wp-block-image\">\n<figure class=\"aligncenter size-large is-resized\"><img loading=\"lazy\" decoding=\"async\" width=\"813\" height=\"1024\" src=\"https:\/\/statioromana.org\/wp-content\/uploads\/2024\/07\/DSC_0703-1-813x1024.jpg\" alt=\"\" class=\"wp-image-427\" style=\"width:487px;height:auto\" srcset=\"https:\/\/statioromana.org\/wp-content\/uploads\/2024\/07\/DSC_0703-1-813x1024.jpg 813w, https:\/\/statioromana.org\/wp-content\/uploads\/2024\/07\/DSC_0703-1-238x300.jpg 238w, https:\/\/statioromana.org\/wp-content\/uploads\/2024\/07\/DSC_0703-1-768x967.jpg 768w, https:\/\/statioromana.org\/wp-content\/uploads\/2024\/07\/DSC_0703-1-1220x1536.jpg 1220w, https:\/\/statioromana.org\/wp-content\/uploads\/2024\/07\/DSC_0703-1-1626x2048.jpg 1626w, https:\/\/statioromana.org\/wp-content\/uploads\/2024\/07\/DSC_0703-1-scaled.jpg 2033w\" sizes=\"auto, (max-width: 813px) 100vw, 813px\" \/><\/figure>\n<\/div><\/div>\n<\/div>\n\n\n\n<div class=\"wp-block-columns is-layout-flex wp-container-core-columns-is-layout-9d6595d7 wp-block-columns-is-layout-flex\">\n<div class=\"wp-block-column is-layout-flow wp-block-column-is-layout-flow\" style=\"flex-basis:33.33%\">\n<p><\/p>\n\n\n\n<p><\/p>\n\n\n\n<p><\/p>\n\n\n\n<p><\/p>\n\n\n\n<p><\/p>\n\n\n\n<p><\/p>\n\n\n\n<p class=\"has-text-align-center\"><strong><em>MAGNUM DE CERVOISE BLONDE<\/em><\/strong><br>22.00 \u20ac<\/p>\n<\/div>\n\n\n\n<div class=\"wp-block-column is-layout-flow wp-block-column-is-layout-flow\" style=\"flex-basis:66.66%\"><div class=\"wp-block-image\">\n<figure class=\"aligncenter size-large is-resized\"><img loading=\"lazy\" decoding=\"async\" width=\"716\" height=\"1024\" src=\"https:\/\/statioromana.org\/wp-content\/uploads\/2024\/07\/DSC_0694-716x1024.jpg\" alt=\"\" class=\"wp-image-428\" style=\"width:442px;height:auto\" srcset=\"https:\/\/statioromana.org\/wp-content\/uploads\/2024\/07\/DSC_0694-716x1024.jpg 716w, https:\/\/statioromana.org\/wp-content\/uploads\/2024\/07\/DSC_0694-210x300.jpg 210w, https:\/\/statioromana.org\/wp-content\/uploads\/2024\/07\/DSC_0694-768x1098.jpg 768w, https:\/\/statioromana.org\/wp-content\/uploads\/2024\/07\/DSC_0694-1074x1536.jpg 1074w, https:\/\/statioromana.org\/wp-content\/uploads\/2024\/07\/DSC_0694-1432x2048.jpg 1432w, https:\/\/statioromana.org\/wp-content\/uploads\/2024\/07\/DSC_0694-scaled.jpg 1790w\" sizes=\"auto, (max-width: 716px) 100vw, 716px\" \/><\/figure>\n<\/div><\/div>\n<\/div>\n\n\n\n<div class=\"wp-block-columns is-layout-flex wp-container-core-columns-is-layout-9d6595d7 wp-block-columns-is-layout-flex\">\n<div class=\"wp-block-column is-layout-flow wp-block-column-is-layout-flow\" style=\"flex-basis:33.33%\">\n<p><\/p>\n\n\n\n<p><\/p>\n\n\n\n<p><\/p>\n\n\n\n<p><\/p>\n\n\n\n<p><\/p>\n\n\n\n<p class=\"has-text-align-center\"><strong><em>HYDROMEL \u00ab\u00a0BAGACUM&nbsp; &#8211;&nbsp; VODGORIACUM<\/em><\/strong><strong>\u00ab\u00a0<\/strong><br>(bouteille de 75 cl)<\/p>\n\n\n\n<p class=\"has-text-align-center\">14.00 \u20ac<\/p>\n<\/div>\n\n\n\n<div class=\"wp-block-column is-layout-flow wp-block-column-is-layout-flow\" style=\"flex-basis:66.66%\"><div class=\"wp-block-image\">\n<figure class=\"aligncenter size-large is-resized\"><img loading=\"lazy\" decoding=\"async\" width=\"375\" height=\"1024\" src=\"https:\/\/statioromana.org\/wp-content\/uploads\/2024\/07\/DSC_0698-1-375x1024.jpg\" alt=\"\" class=\"wp-image-429\" style=\"width:218px;height:auto\" srcset=\"https:\/\/statioromana.org\/wp-content\/uploads\/2024\/07\/DSC_0698-1-375x1024.jpg 375w, https:\/\/statioromana.org\/wp-content\/uploads\/2024\/07\/DSC_0698-1-110x300.jpg 110w, https:\/\/statioromana.org\/wp-content\/uploads\/2024\/07\/DSC_0698-1-768x2095.jpg 768w, https:\/\/statioromana.org\/wp-content\/uploads\/2024\/07\/DSC_0698-1-563x1536.jpg 563w, https:\/\/statioromana.org\/wp-content\/uploads\/2024\/07\/DSC_0698-1-751x2048.jpg 751w, https:\/\/statioromana.org\/wp-content\/uploads\/2024\/07\/DSC_0698-1-scaled.jpg 938w\" sizes=\"auto, (max-width: 375px) 100vw, 375px\" \/><\/figure>\n<\/div><\/div>\n<\/div>\n\n\n\n<p>LA CERVOISE DU VODGORIACUM<\/p>\n\n\n\n<p>La \u00ab Cervoise du Vodgoriacum \u00bb est une bi\u00e8re de fermentation haute.<br><br>La bi\u00e8re brune est disponible en bouteille de 75 cl. La blonde en bouteille de 33 cl.<br>&nbsp;&nbsp;<br>La Cervoise est brass\u00e9e \u00e0 partir d\u2019une eau extr\u00eamement pure, moyennement charg\u00e9e en sel, et dont la source jaillit \u2026 sous la brasserie.<\/p>\n\n\n\n<p>Les malts et houblons utilis\u00e9s sont de tout premier choix&nbsp;; ces houblons d\u2019exception conf\u00e8rent au produit ar\u00f4me et amertume.<\/p>\n\n\n\n<p>Apr\u00e8s soutirage, la Cervoise ach\u00e8vera sa maturation naturelle pendant trois semaines afin de favoriser la refermentation et la saturation dans la bouteille.<\/p>\n\n\n\n<p>Comment savourer une bonne Cervoise&nbsp;?<\/p>\n\n\n\n<p>&#8211; Conservez la bi\u00e8re \u00e0 une temp\u00e9rature constante.<\/p>\n\n\n\n<p>&#8211; Evitez d\u2019ouvrir la bouteille brutalement, afin d\u2019emp\u00eacher une trop grande perte de gaz carbonique.<\/p>\n\n\n\n<p>&#8211; De par sa fermentation, il se forme un d\u00e9p\u00f4t de levure dans les bouteilles. Veillez \u00e0 ce que la bi\u00e8re ait au moins huit jours de repos, en position verticale, afin que la levure ait le temps de se d\u00e9poser compl\u00e8tement.<\/p>\n\n\n\n<p>&#8211; Au moment de servir, veillez \u00e0 verser votre Cervoise avec prudence, de fa\u00e7on \u00e0 ne pas troubler le verre.<\/p>\n\n\n\n<p>-Pour mieux appr\u00e9cier son ar\u00f4me et son go\u00fbt savoureux, nous vous conseillons de d\u00e9guster la Cervoise dans un verre appropri\u00e9 (sec), fra\u00eeche (6\u00b0) ou temp\u00e9r\u00e9e (12\u00b0) selon votre pr\u00e9f\u00e9rence.<\/p>\n\n\n\n<p>&#8211; La forme des bouteilles a \u00e9t\u00e9 sp\u00e9cialement \u00e9tudi\u00e9e pour ne pas verser la levure dans le verre. Pour \u00e9viter d\u2019entra\u00eener celle-ci, il faut remplir le verre d\u2019un seul mouvement et laisser environ un centim\u00e8tre de d\u00e9p\u00f4t dans la bouteille.<\/p>\n\n\n\n<p>L&rsquo;HYDROMEL<\/p>\n\n\n\n<p>&nbsp;&nbsp;&nbsp;&nbsp;&nbsp;&nbsp;&nbsp;&nbsp;&nbsp;&nbsp;&nbsp;&nbsp;&nbsp; L\u2019hydromel, une des premi\u00e8res boissons alcoolis\u00e9es que l\u2019homme ait bue, appara\u00eet pour la premi\u00e8re fois \u00e0 l\u2019\u00e2ge du bronze. Une des premi\u00e8res recettes \u00e9crites de l\u2019hydromel<br>nous vient d\u2019Aristote, vers 350 avant J.-C.&nbsp;<\/p>\n\n\n\n<p>&nbsp;&nbsp;&nbsp;&nbsp; La consommation de l\u2019hydromel est d\u2019ordre divin, elle donne l\u2019immortalit\u00e9 et la<br>symbolique l\u2019oppose \u00e0 la bi\u00e8re, boisson des guerriers.<\/p>\n\n\n\n<p>Les Romains le connaissent sous le nom d\u2019&nbsp;<em>\u00ab&nbsp;aqua mulsa<\/em>&nbsp;\u00bb. C\u2019est une boisson ferment\u00e9e<br>faite d\u2019eau et de miel.&nbsp;<\/p>\n\n\n\n<p>&nbsp;&nbsp;&nbsp;&nbsp; L\u2019AISBL&nbsp;<em>\u00ab&nbsp;VIA ROMANA&nbsp;\u00bb<\/em>, l\u2019association&nbsp;<em>\u00ab&nbsp;AVE BAGACUM&nbsp;\u00bb<\/em>&nbsp;de Bavay et l\u2019ASBL<em><br>\u00ab&nbsp;STATIO ROMANA&nbsp;\u00bb<\/em>&nbsp;se sont associ\u00e9es pour lancer&nbsp;<\/p>\n\n\n\n<p><strong>L\u2019 \u00ab&nbsp;<em>Hydromel de la VIA ROMANA<\/em><\/strong><\/p>\n\n\n\n<p><strong><em>BAGACUM&nbsp; &#8211;&nbsp; VODGORIACUM<\/em><\/strong><strong>&nbsp;\u00bb<\/strong>&nbsp;<\/p>\n\n\n\n<p>Il est pr\u00e9sent\u00e9 en bouteille de 75 cl (14 % vol.)<\/p>\n\n\n\n<p>LE FROMAGE A LA CERVOISE&nbsp;(uniquement en p\u00e9riodes de f\u00eates)<\/p>\n\n\n\n<p>&nbsp;&nbsp;&nbsp;&nbsp;&nbsp;&nbsp;&nbsp;&nbsp;&nbsp;&nbsp;&nbsp;&nbsp;Situ\u00e9e \u00e0 Soignies, l\u2019exploitation de Mr et Mme DEVROEDE est sp\u00e9cialis\u00e9e en production laiti\u00e8re.<\/p>\n\n\n\n<p>Le lait est produit par un troupeau d\u2019une bonne centaine de vaches HOLSTEIN de race pure, et 20 % de ce lait de qualit\u00e9 sup\u00e9rieure (AA) est transform\u00e9 en fromage.&nbsp;<\/p>\n\n\n\n<p>&nbsp;&nbsp;&nbsp;&nbsp;&nbsp;&nbsp;&nbsp;&nbsp;&nbsp;&nbsp;&nbsp; Le fromage \u00e0 la Cervoise du Vodgoriacum est fabriqu\u00e9 tout sp\u00e9cialement pour&nbsp; l\u2019ASBL STATIO ROMANA.&nbsp;<\/p>\n\n\n\n<p>&nbsp;&nbsp;&nbsp;&nbsp;&nbsp;&nbsp;&nbsp;&nbsp;&nbsp;&nbsp;&nbsp; Pendant la maturation en cave, les fromages sont retourn\u00e9s et lav\u00e9s \u00e0 l\u2019eau l\u00e9g\u00e8rement sal\u00e9e, tous les jours, afin d\u2019emp\u00eacher le d\u00e9veloppement des moisissures sur la cro\u00fbte.&nbsp;<\/p>\n\n\n\n<p>&nbsp;&nbsp;&nbsp;&nbsp;&nbsp;&nbsp;&nbsp;&nbsp;&nbsp;&nbsp;&nbsp; Au cours de sa maturation, le fromage est frott\u00e9 tous les jours avec de la \u00ab&nbsp;Cervoise&nbsp;\u00bb, pour que l\u2019odeur et le go\u00fbt de la Cervoise impr\u00e8gne le fromage.<\/p>\n\n\n\n<p>&nbsp;&nbsp;&nbsp;&nbsp;&nbsp;&nbsp;&nbsp;&nbsp;&nbsp;&nbsp;&nbsp; Apr\u00e8s six semaines d\u2019affinage, le fromage peut \u00eatre consomm\u00e9.<\/p>\n\n\n\n<p>LES SAUCISSES FUMEES&nbsp;(uniquement en p\u00e9riodes de f\u00eates)<\/p>\n\n\n\n<p>&nbsp;&nbsp;&nbsp;&nbsp;&nbsp;&nbsp;&nbsp;&nbsp;&nbsp;&nbsp;&nbsp; Les saucisses fum\u00e9es \u00e0 la Cervoise sont fabriqu\u00e9es artisanalement \u00ab \u00e0 l&rsquo;ancienne \u00bb par la boucherie-charcuterie \u00ab Votre Bouche Rit \u00bb, chez Olivier et Sophie, anciennement Boucherie POELAERT, \u00e0 Haine-Saint-Pierre.<\/p>\n\n\n\n<p>Les mati\u00e8res premi\u00e8res qui les composent sont les viandes maigres de b\u0153uf et de porc, du lard et de la Cervoise.<\/p>\n\n\n\n<p>Leur go\u00fbt particulier est d\u00fb au \u00ab&nbsp;fumage traditionnel&nbsp;\u00bb d\u2019une journ\u00e9e.<\/p>\n\n\n\n<p><\/p>\n","protected":false},"excerpt":{"rendered":"<p>Les produits du Vodgoriacum&#8230; CERVOISE BLONDE(4 x de 33 cl) 8.40 \u20ac + 0.60 CERVOISE BRUNE(bouteille de 75 cl) 5.00 \u20ac + 0.20 VALISETTE DE&hellip;<\/p>\n","protected":false},"author":1,"featured_media":0,"parent":0,"menu_order":4,"comment_status":"closed","ping_status":"closed","template":"","meta":{"footnotes":""},"class_list":["post-92","page","type-page","status-publish","hentry"],"_links":{"self":[{"href":"https:\/\/statioromana.org\/index.php\/wp-json\/wp\/v2\/pages\/92","targetHints":{"allow":["GET"]}}],"collection":[{"href":"https:\/\/statioromana.org\/index.php\/wp-json\/wp\/v2\/pages"}],"about":[{"href":"https:\/\/statioromana.org\/index.php\/wp-json\/wp\/v2\/types\/page"}],"author":[{"embeddable":true,"href":"https:\/\/statioromana.org\/index.php\/wp-json\/wp\/v2\/users\/1"}],"replies":[{"embeddable":true,"href":"https:\/\/statioromana.org\/index.php\/wp-json\/wp\/v2\/comments?post=92"}],"version-history":[{"count":7,"href":"https:\/\/statioromana.org\/index.php\/wp-json\/wp\/v2\/pages\/92\/revisions"}],"predecessor-version":[{"id":432,"href":"https:\/\/statioromana.org\/index.php\/wp-json\/wp\/v2\/pages\/92\/revisions\/432"}],"wp:attachment":[{"href":"https:\/\/statioromana.org\/index.php\/wp-json\/wp\/v2\/media?parent=92"}],"curies":[{"name":"wp","href":"https:\/\/api.w.org\/{rel}","templated":true}]}}