{"id":96,"date":"2024-06-03T13:27:29","date_gmt":"2024-06-03T11:27:29","guid":{"rendered":"http:\/\/statioromana.org\/?page_id=96"},"modified":"2024-06-03T19:10:23","modified_gmt":"2024-06-03T17:10:23","slug":"lhistoire","status":"publish","type":"page","link":"https:\/\/statioromana.org\/index.php\/vicus\/lhistoire\/","title":{"rendered":"L&rsquo;histoire"},"content":{"rendered":"\n<p>Le village de Waudrez est aujourd&rsquo;hui rattach\u00e9 administrativement \u00e0 l&rsquo;entit\u00e9 communale de Binche.<\/p>\n\n\n\n<p>Situ\u00e9 en province de Hainaut, il fait partie de l&rsquo;arrondissement de Thuin. De ce bourg rural d\u00e9pendent les hameaux de Bruille, Tout-Vent, La Commune, Champ-Perdu, Mont-de-la-Justice et Waudriselle. D&rsquo;une superficie globale de 894 hectares avant la fusion de communes de 1976, ce village borde un large tron\u00e7on de l&rsquo;antique chauss\u00e9e romaine \u00ab\u00a0Bavay &#8211; Tongres &#8211; Cologne\u00a0\u00bb<\/p>\n\n\n\n<p>&nbsp;&nbsp;&nbsp;&nbsp; Dans l&rsquo;Antiquit\u00e9, ce territoire \u00e9tait englob\u00e9 dans la province de Gaule Belgique, puis de Gaule Belgique seconde. Il appartenait \u00e0 la Cit\u00e9 des Nerviens, dont le chef-lieu, Bavay, \u00e9tait distant d&rsquo;un peu moins de 30 kilom\u00e8tres. L&rsquo;agglom\u00e9ration moderne, dont le centre ne se superpose pas aux ruines antiques, s&rsquo;\u00e9tend le long de la Bruille, qui d\u00e9limite \u00e0 l&rsquo;Ouest le petit plateau de la Ville de Binche. Le centre de l&rsquo;occupation romaine doit \u00eatre, quant \u00e0 lui, plac\u00e9 aux alentours du point de confluence de la Samme et de la Bruille, les deux ruisseaux qui donnent conjointement naissance \u00e0 la Princesse, affluent de la Haine et de l&rsquo;Escaut.<\/p>\n\n\n\n<p>&nbsp;&nbsp;&nbsp;&nbsp; Le lien de parent\u00e9 historique existant entre Waudrez et l&rsquo;antique agglom\u00e9ration de&nbsp;<em>Vodgoriacum<\/em>&nbsp;fut tr\u00e8s t\u00f4t d\u00e9cel\u00e9 et demeure incontest\u00e9.<br>Ce toponyme antique nous est parvenu par l&rsquo;entremise de deux itin\u00e9raires romains : la Table de Peutinger et l&rsquo;Itin\u00e9raire d&rsquo;Antonin.<\/p>\n\n\n\n<p>La Table de Peutinger, anc\u00eatre de la carte routi\u00e8re, mentionne pour nos r\u00e9gions une route reliant deux chefs-lieux importants&nbsp;: Bavay et Cologne. Sur cette derni\u00e8re, le premier&nbsp;<em>vicus<\/em>&nbsp;mentionn\u00e9 en partant de Bavay ([BAGA CONER]) est&nbsp;[VOGO DORGIACO], situ\u00e9 \u00e0 XII&nbsp;<em>leugae<\/em>&nbsp;(soit environ 28,2 km) de la capitale nervienne. Mais le nom cit\u00e9 ne para\u00eet pas fiable. Nous avons sans doute ici une transcription fautive du copiste de Colmar (comme pour Bavay, qu&rsquo;il faut lire&nbsp;BAGACO NER(viorum)).<\/p>\n\n\n\n<p>L&rsquo;itin\u00e9raire d&rsquo;Antonin, r\u00e9alis\u00e9 sous le r\u00e8gne de Caracalla (188-217) et compl\u00e9t\u00e9 sous Diocl\u00e9tien (284-313), plus scrupuleux en ce qui concerne les toponymes, fait \u00e9tat de l&rsquo;existence d&rsquo;un&nbsp;<em>vicus<\/em>&nbsp;appel\u00e9 \u00ab&nbsp;<em>VODGORIACUM<\/em>&nbsp;\u00bbparmi les relais imp\u00e9riaux. Malheureusement, son auteur m\u00e9lange<br>distances en milliers de pas et en lieues gauloises, et replace donc l&rsquo;agglom\u00e9ration \u00e0 12 M.P. (soit 17,8 km) de Bavay.<br>L&rsquo;analyse contradictoire des deux documents permit n\u00e9anmoins de replacer&nbsp;<em>Vodgoriacum<\/em>&nbsp;\u00e0 Waudrez d\u00e8s le XVIIl<sup>\u00e8me<\/sup>&nbsp;si\u00e8cle.<sup>&nbsp;<\/sup><\/p>\n\n\n\n<p class=\"has-text-align-center\">\u00a0\u00a0\u00a0\u00a0\u00a0\u00a0\u00a0\u00a0\u00a0\u00a0\u00a0\u00a0\u00a0\u00a0\u00a0\u00a0\u00a0\u00a0\u00a0\u00a0\u00a0<br><img loading=\"lazy\" decoding=\"async\" width=\"1000\" height=\"350\" class=\"wp-image-118\" style=\"width: 1000px;\" src=\"http:\/\/statioromana.org\/wp-content\/uploads\/2024\/06\/La-Table-de-Peutinger.gif\" alt=\"\"><br><em>La Table de Peutinger (extrait)<\/em><\/p>\n\n\n\n<p>&nbsp;&nbsp;&nbsp;&nbsp; Du point de vue du peuplement r\u00e9gional, une premi\u00e8re vague importante d&rsquo;expansion humaine toucha le Hainaut avec la r\u00e9volution n\u00e9olithique.<br>Le territoire de Waudrez semble avoir \u00e9t\u00e9 lui-m\u00eame concern\u00e9 par ce mouvement, comme en attestent une hache de silex trouv\u00e9e en 1977 ou<br>d&rsquo;autres d\u00e9couvertes plus anciennes.<br>Durant l&rsquo;\u00e2ge du bronze puis du fer, de nouvelles populations s&rsquo;install\u00e8rent dans ces contr\u00e9es, apportant au passage les techniques<br>m\u00e9tallurgiques. Parmi ces derni\u00e8res peuvent \u00eatre mentionn\u00e9es les tribus belges et plus particuli\u00e8rement les Nerviens qui prirent le site de<br>Bavay pour place forte. Une origine celtique hypoth\u00e9tique du nom&nbsp;<em>Vodgoriacum<\/em>&nbsp;impliquerait qu&rsquo;un village se soit d\u00e9velopp\u00e9 d\u00e8s cette \u00e9poque<br>\u00e0 cet endroit. Mais aucune trace mat\u00e9rielle n&rsquo;en a \u00e9t\u00e9 d\u00e9couverte.<\/p>\n\n\n\n<p>&nbsp;&nbsp;&nbsp;&nbsp; Certains historiens locaux ont tent\u00e9 de d\u00e9montrer l&rsquo;importance de Waudrez dans la Guerre des Gaules men\u00e9e par C\u00e9sar de 58 \u00e0 51<br>avant notre \u00e8re. Suivant les cas, ils en ont fait le lieu de rassemblement des Nerviens avant la bataille du&nbsp;<em>Sabis<\/em>, en 57 avant notre \u00e8re, ou encore<br>le lieu o\u00f9&nbsp;<em>Quintus Tullius Cicero<\/em>, fr\u00e8re du grand orateur et l\u00e9gat de C\u00e9sar, aurait \u00e9tabli son camp et s&rsquo;y serait fait assi\u00e9ger par les Belges en 52<br>avant notre \u00e8re. Ici non plus, h\u00e9las, aucune d\u00e9couverte n&rsquo;est venue \u00e9tayer ces glorieuses pr\u00e9tentions villageoises.<\/p>\n\n\n\n<p>&nbsp;&nbsp;&nbsp;&nbsp; Apr\u00e8s la conqu\u00eate de nos r\u00e9gions par Rome, Bavay demeura chef-lieu de la&nbsp;<em>Civitas Nerviorum<\/em>, entit\u00e9 territoriale et administrative de la<br>province de&nbsp;<em>Gallia Belgica<\/em>. Sept voies partant de Bavay furent am\u00e9nag\u00e9es sous le r\u00e8gne d&rsquo;Auguste ou de Tib\u00e8re, afin d&rsquo;am\u00e9liorer les<br>communications et donc la s\u00e9curit\u00e9 dans ces territoires extr\u00eames de l&rsquo;Empire.&nbsp;&nbsp;&nbsp;&nbsp;&nbsp;&nbsp;&nbsp;&nbsp;&nbsp;&nbsp;<\/p>\n\n\n\n<p>Une s\u00e9rie de localit\u00e9s, d\u00e9j\u00e0 existantes ou cr\u00e9es&nbsp;<em>ex nihilo<\/em>&nbsp;connurent alors une croissance rapide, comme villages-\u00e9tapes ou relais.<br>Parmi ceux-ci figure&nbsp;<em>Vodgoriacum<\/em>.<\/p>\n\n\n\n<p class=\"has-text-align-center\"><img loading=\"lazy\" decoding=\"async\" width=\"500\" height=\"661\" class=\"wp-image-117\" style=\"width: 500px;\" src=\"http:\/\/statioromana.org\/wp-content\/uploads\/2024\/06\/cite-nerviens.gif\" alt=\"\"><br><em>La cit\u00e9 des Nerviens<\/em><\/p>\n\n\n\n<p>&nbsp;&nbsp;&nbsp;&nbsp; Etir\u00e9 tout en longueur, ce site antique a livr\u00e9 en son c\u0153ur pr\u00e8s du passage de la Princesse par la chauss\u00e9e antique, plusieurs tessons de c\u00e9ramique sigill\u00e9e d&rsquo;\u00e9poque august\u00e9enne, ainsi que des fragments de vases Kurkurn de tradition indig\u00e8ne. D&rsquo;autre part, quelques vestiges d&rsquo;une n\u00e9cropole de la premi\u00e8re moiti\u00e9 du l<sup>er&nbsp;<\/sup>si\u00e8cle de notre \u00e8re furent d\u00e9couverts en 1911, \u00e0 proximit\u00e9 du site. Ceci d\u00e9montre que d\u00e8s le premier tiers du l<sup>er<\/sup>&nbsp;si\u00e8cle de notre \u00e8re, un&nbsp;<em>vicus<\/em>, de taille r\u00e9duite sans doute, prit forme.&nbsp;&nbsp;&nbsp;&nbsp;&nbsp;&nbsp;&nbsp;&nbsp;&nbsp;&nbsp;&nbsp;&nbsp;&nbsp;&nbsp;&nbsp;&nbsp;&nbsp;&nbsp;&nbsp;&nbsp;&nbsp;&nbsp;&nbsp;&nbsp;&nbsp;&nbsp;&nbsp;&nbsp;&nbsp;&nbsp;&nbsp;&nbsp;&nbsp;&nbsp;&nbsp;&nbsp;&nbsp;&nbsp;&nbsp;&nbsp;&nbsp;&nbsp;<\/p>\n\n\n\n<p>Les multiples d\u00e9couvertes arch\u00e9ologiques, qu&rsquo;elles soient mon\u00e9taires, c\u00e9ramiques ou autres, semblent indiquer que l&rsquo;agglom\u00e9ration connut un vaste d\u00e9veloppement \u00e0 partir de la deuxi\u00e8me moiti\u00e9 du premier si\u00e8cle de notre \u00e8re, pour atteindre son acm\u00e9 entre les r\u00e8gnes de Trajan (98-117) et de Septime S\u00e9v\u00e8re (193-211). &nbsp;&nbsp;&nbsp;&nbsp;&nbsp;&nbsp;&nbsp;&nbsp;&nbsp;&nbsp;&nbsp;&nbsp;&nbsp;&nbsp;&nbsp;&nbsp;&nbsp;&nbsp;&nbsp;&nbsp;&nbsp;&nbsp;&nbsp;&nbsp;&nbsp;&nbsp;&nbsp;&nbsp;&nbsp;&nbsp;&nbsp;&nbsp;&nbsp;&nbsp;&nbsp;&nbsp;&nbsp;&nbsp;&nbsp;&nbsp;&nbsp;&nbsp;&nbsp;&nbsp;&nbsp;&nbsp;&nbsp;&nbsp;&nbsp;&nbsp;&nbsp;&nbsp;&nbsp;&nbsp;<\/p>\n\n\n\n<p>Outre l&rsquo;abondance des objets d&rsquo;importation, t\u00e9moigne de ceci une d\u00e9couverte exceptionnelle. A P\u00e9ronnes-lez-Binche, soit \u00e0 peine plus d&rsquo;un kilom\u00e8tre du site, un milliaire (I.L.B. n\u00b0136), sorte de borne kilom\u00e9trique antique, fut trouv\u00e9, entier, le 25 juin l979. Conserv\u00e9 au Mus\u00e9e de Mariemont, il porte l&rsquo;inscription suivante&nbsp;:<\/p>\n\n\n<div class=\"wp-block-image\">\n<figure class=\"aligncenter size-full\"><img loading=\"lazy\" decoding=\"async\" width=\"481\" height=\"184\" src=\"http:\/\/statioromana.org\/wp-content\/uploads\/2024\/06\/peronnes2.jpg\" alt=\"\" class=\"wp-image-120\" srcset=\"https:\/\/statioromana.org\/wp-content\/uploads\/2024\/06\/peronnes2.jpg 481w, https:\/\/statioromana.org\/wp-content\/uploads\/2024\/06\/peronnes2-300x115.jpg 300w\" sizes=\"auto, (max-width: 481px) 100vw, 481px\" \/><\/figure>\n<\/div>\n\n\n<p class=\"has-text-align-center\"><em>L&rsquo;inscription du milliaire de P\u00e9ronnes-lez-Binche<\/em><\/p>\n\n\n\n<p>&nbsp;&nbsp;&nbsp;&nbsp; Enrichi par le commerce, l&rsquo;agriculture ou l&rsquo;exploitation de la fameuse for\u00eat charbonni\u00e8re, le&nbsp;<em>vicus<\/em>&nbsp;de&nbsp;<em>Vodgoriacum<\/em>&nbsp;semble avoir subi les contrecoups directs et indirects des invasions germaniques des II<sup>\u00e8me<\/sup>&nbsp;et III<sup>\u00e8me<\/sup>&nbsp;si\u00e8cles. En effet, le nombre de monnaies retrouv\u00e9es \u00e0 l&rsquo;effigie des empereurs du III<sup>\u00e8me<\/sup>&nbsp;si\u00e8cle est nettement inf\u00e9rieur \u00e0 celui du si\u00e8cle pr\u00e9c\u00e9dent.<br>Le site conna\u00eet en tout cas une vague de destruction vers 255-260 de notre \u00e8re, sous les r\u00e8gnes de Val\u00e9rien l<sup>er&nbsp;<\/sup>et Gallien, et est, sans doute, alors largement abandonn\u00e9. La r\u00e9organisation administrative des provinces par Diocl\u00e9tien, \u00e0 la fin du III<sup>\u00e8me<\/sup>&nbsp;si\u00e8cle, qui fit passer le&nbsp;<em>vicus<\/em>&nbsp;dans la&nbsp;<em>Provincia Belgica Secunda<\/em>, et l&rsquo;Edit du Maximum, qui visait \u00e0 fixer les prix et les salaires, et donc \u00e0 endiguer l&rsquo;inflation galopante, ne chang\u00e8rent sans doute pas grand chose \u00e0 la vie de l&rsquo;agglom\u00e9ration.<\/p>\n\n\n\n<p>&nbsp;&nbsp;&nbsp;&nbsp;&nbsp;La r\u00e9affectation de la voie vers une vocation essentiellement militaire, avec construction de nombreux fortins de d\u00e9fense, eut certainement<br>une incidence importante pour les habitants de&nbsp;<em>Vodgoriacum<\/em>. Un site militaire fut-il \u00e9rig\u00e9 \u00e0 Waudrez ? Aucun vestige ne confirme actuellement cette hypoth\u00e8se. Mais la chose n&rsquo;est en soi pas impossible. Les forts militaires les plus proches sont ceux de Givry \u00e0 l&rsquo;Ouest, et de Morlanwelz \u00e0 l&rsquo;Est.<\/p>\n\n\n\n<p>La chute de Cologne, prise par les Francs en 355, donna certainement le coup de gr\u00e2ce au vicus. La plus r\u00e9cente des monnaies d\u00e9couvertes remonte d&rsquo;ailleurs \u00e0 l&#8217;empereur Constant qui r\u00e9gna en 347-348 de notre \u00e8re. En 388 une incursion de Francs venus de Germanie franchit le Rhin et ravagea nos r\u00e9gions, tuant et pillant au passage. Enfin, en 406 de notre \u00e8re, le pouvoir romain abandonnait tr\u00e8s officiellement toutes pr\u00e9rogatives sur nos territoires aux Francs.<\/p>\n\n\n\n<p>Qu&rsquo;advint-il de l&rsquo;ancien&nbsp;<em>vicus<\/em>&nbsp;de&nbsp;<em>Vodgoriacum&nbsp;<\/em>? Nul ne peut le dire. Il semble en tout cas acquis que le centre de l&rsquo;habitat s&rsquo;\u00e9tait d\u00e9j\u00e0 d\u00e9plac\u00e9 sur les rives de la Bruille, un peu en amont. Le nom s&rsquo;est lentement transform\u00e9 en&nbsp;<em>Walderiego<\/em>, qui donnera&nbsp;Waudrez.<\/p>\n\n\n\n<p>&nbsp;&nbsp;&nbsp;&nbsp; Le territoire de l&rsquo;ancien&nbsp;<em>vicus<\/em>&nbsp;connut au cours des temps bien des r\u00e9gimes politiques. Apr\u00e8s la p\u00e9riode de l&rsquo;Austrasie franque, il fit partie de l&#8217;empire carolingien, puis de la Lotharingie. A l&rsquo;\u00e9poque f\u00e9odale, il fut le centre administratif de l&rsquo;alleu de Binche sous l&rsquo;autorit\u00e9 des Comtes de Hainaut. En 1433, avec le rattachement du Hainaut au Duch\u00e9 de Bourgogne, il passe sous contr\u00f4le bourguignon. Puis vint le temps des dominations espagnoles et autrichiennes. A l&rsquo;\u00e9poque de la r\u00e9volution fran\u00e7aise et sous le r\u00e9gime napol\u00e9onien, Waudrez fut enfin inclus au d\u00e9partement de Jemappes.&nbsp;&nbsp;&nbsp;&nbsp;&nbsp;&nbsp;&nbsp;&nbsp;&nbsp;&nbsp;&nbsp;&nbsp;&nbsp;&nbsp;&nbsp;&nbsp;&nbsp;&nbsp;&nbsp;&nbsp;&nbsp;&nbsp;&nbsp;&nbsp;&nbsp;&nbsp; &nbsp;&nbsp;&nbsp;<\/p>\n\n\n\n<p>Ainsi a surv\u00e9cu le nom de l&rsquo;antique&nbsp;<em>vicus<\/em>&nbsp;de&nbsp;<em>Vodgoriacum<\/em>&#8230;<\/p>\n","protected":false},"excerpt":{"rendered":"<p>Le village de Waudrez est aujourd&rsquo;hui rattach\u00e9 administrativement \u00e0 l&rsquo;entit\u00e9 communale de Binche. Situ\u00e9 en province de Hainaut, il fait partie de l&rsquo;arrondissement de Thuin.&hellip;<\/p>\n","protected":false},"author":1,"featured_media":0,"parent":89,"menu_order":0,"comment_status":"closed","ping_status":"closed","template":"","meta":{"footnotes":""},"class_list":["post-96","page","type-page","status-publish","hentry"],"_links":{"self":[{"href":"https:\/\/statioromana.org\/index.php\/wp-json\/wp\/v2\/pages\/96","targetHints":{"allow":["GET"]}}],"collection":[{"href":"https:\/\/statioromana.org\/index.php\/wp-json\/wp\/v2\/pages"}],"about":[{"href":"https:\/\/statioromana.org\/index.php\/wp-json\/wp\/v2\/types\/page"}],"author":[{"embeddable":true,"href":"https:\/\/statioromana.org\/index.php\/wp-json\/wp\/v2\/users\/1"}],"replies":[{"embeddable":true,"href":"https:\/\/statioromana.org\/index.php\/wp-json\/wp\/v2\/comments?post=96"}],"version-history":[{"count":3,"href":"https:\/\/statioromana.org\/index.php\/wp-json\/wp\/v2\/pages\/96\/revisions"}],"predecessor-version":[{"id":124,"href":"https:\/\/statioromana.org\/index.php\/wp-json\/wp\/v2\/pages\/96\/revisions\/124"}],"up":[{"embeddable":true,"href":"https:\/\/statioromana.org\/index.php\/wp-json\/wp\/v2\/pages\/89"}],"wp:attachment":[{"href":"https:\/\/statioromana.org\/index.php\/wp-json\/wp\/v2\/media?parent=96"}],"curies":[{"name":"wp","href":"https:\/\/api.w.org\/{rel}","templated":true}]}}